{"id":8628,"date":"2022-10-24T21:47:21","date_gmt":"2022-10-24T21:47:21","guid":{"rendered":"https:\/\/cancamades.com\/protection-des-donnees-personnelles\/"},"modified":"2023-04-12T15:49:46","modified_gmt":"2023-04-12T15:49:46","slug":"protection-des-donnees-personnelles","status":"publish","type":"page","link":"https:\/\/cancamades.com\/fr\/protection-des-donnees-personnelles\/","title":{"rendered":"Politique d&#8217;annulation et des donn\u00e9es personnelles"},"content":{"rendered":"\t\t<div data-elementor-type=\"wp-page\" data-elementor-id=\"8628\" class=\"elementor elementor-8628 elementor-3\">\n\t\t\t\t\t\t<section class=\"elementor-section elementor-top-section elementor-element elementor-element-37558984 elementor-section-boxed elementor-section-gap-beside-yes elementor-section-height-default elementor-section-height-default elementor-section-column-vertical-align-stretch\" data-id=\"37558984\" data-element_type=\"section\">\n\t\t\t\t\t\t<div class=\"elementor-container elementor-column-gap-extended\">\n\t\t\t\t\t<div class=\"elementor-column elementor-col-100 elementor-top-column elementor-element elementor-element-1e447594\" data-id=\"1e447594\" data-element_type=\"column\">\n\t\t\t<div class=\"elementor-widget-wrap elementor-element-populated\">\n\t\t\t\t\t\t<div class=\"elementor-element elementor-element-5f84a9c3 elementor-widget elementor-widget-text-editor\" data-id=\"5f84a9c3\" data-element_type=\"widget\" data-widget_type=\"text-editor.default\">\n\t\t\t\t<div class=\"elementor-widget-container\">\n\t\t\t\t\t\t\t\t\t<h2><em>Politique d&#8217;annulation<\/em><\/h2>\r\nRemboursement int\u00e9gral pour les annulations effectu\u00e9es jusqu&#8217;\u00e0 30 jours avant la date d&#8217;arriv\u00e9e. Si vous r\u00e9servez moins de 30 jours avant l&#8217;arriv\u00e9e, vous recevrez un remboursement complet tant que vous annulez dans les 48 heures suivant la r\u00e9servation et au moins 14 jours avant le d\u00e9but de votre s\u00e9jour. Apr\u00e8s cette p\u00e9riode, vous obtiendrez un remboursement de 50 % si vous annulez jusqu&#8217;\u00e0 7 jours avant l&#8217;arriv\u00e9e. Si vous annulez alors qu&#8217;il reste moins de temps, vous ne recevrez pas de remboursement.\r\n\r\nEn acceptant les CGU et en publiant votre espace, vous vous engagez \u00e0 respecter les lois et r\u00e9glementations applicables.\r\n<h2><em>Protection des donn\u00e9es personnelles<\/em><\/h2>\r\nEn vertu de la r\u00e9glementation sur la protection des donn\u00e9es personnelles, nous vous informons que vos donn\u00e9es personnelles, qui peuvent figurer dans cette communication, sont incorpor\u00e9es dans un fichier appel\u00e9 &#8220;Contacts&#8221; responsabilit\u00e9 de la soci\u00e9t\u00e9 CAN CAMADES, SL, CIF B-72749542. Ce fichier a pour but de g\u00e9rer la relation commerciale et de vous informer sur nos services. Ces donn\u00e9es ne seront pas transmises \u00e0 des tiers.\r\n\r\nDe plus, pour acc\u00e9der \u00e0 certains des services offerts par CAN CAMADES SL via le site Web, vous devrez fournir certaines donn\u00e9es personnelles. Conform\u00e9ment aux dispositions de la LO 15\/1999, du 13 d\u00e9cembre, sur la protection des donn\u00e9es personnelles, nous vous informons qu&#8217;en remplissant le formulaire, vos donn\u00e9es personnelles seront incorpor\u00e9es et trait\u00e9es dans les fichiers de CAN CAMADES SL afin de pouvoir vous pr\u00eater et vous proposer nos services, ainsi que vous informer des am\u00e9liorations apport\u00e9es au site.\r\n\r\nSi vous souhaitez exercer vos droits d&#8217;acc\u00e8s, de rectification ou de suppression, de limitation de traitement ou d&#8217;opposition, ainsi que le droit \u00e0 la portabilit\u00e9 des donn\u00e9es, vous pouvez vous adresser \u00e0 Pla\u00e7a del Castell, 9 17134 La Tallada d&#8217;Empord\u00e0 ou envoyer un e-mail \u00e0 <a href=\"mailto:info@cancamades.com\">info@cancamades.com<\/a>.\r\n<h2><em>Propri\u00e9t\u00e9 industrielle et intellectuelle<\/em><\/h2>\r\nCe site web est la propri\u00e9t\u00e9 de CAN CAMADES, SL. Droits de propri\u00e9t\u00e9 intellectuelle et droits d&#8217;exploitation et de reproduction de ce site Web, de ses pages, \u00e9crans, des informations qu&#8217;ils contiennent, de son apparence et de sa conception, ainsi que des liens (&#8220;hyperliens&#8221;) qui sont \u00e9tablis \u00e0 partir de celui-ci vers d&#8217;autres pages Web de toute filiale et\/ou soci\u00e9t\u00e9 domin\u00e9e par CAN CAMADES, SL, sont la propri\u00e9t\u00e9 exclusive de celle-ci, sauf indication contraire expresse.\r\n\r\nTout nom, dessin et\/ou logo, ainsi que tout produit ou service propos\u00e9 et refl\u00e9t\u00e9 sur cette page Web, sont des marques d\u00fbment enregistr\u00e9es par CAN CAMADES, SL, par ses filiales et\/ou soci\u00e9t\u00e9s contr\u00f4l\u00e9es ou par des tiers.\r\n\r\nToute utilisation abusive de celui-ci par des personnes autres que son propri\u00e9taire l\u00e9gitime et sans le consentement expr\u00e8s et sans \u00e9quivoque de ce dernier pourra \u00eatre signal\u00e9e et poursuivie par tous les moyens l\u00e9gaux disponibles dans le syst\u00e8me juridique espagnol et\/ou communautaire.\r\n\r\nLes droits de propri\u00e9t\u00e9 intellectuelle et les marques de tiers sont commod\u00e9ment mis en \u00e9vidence et doivent \u00eatre respect\u00e9s par tous ceux qui acc\u00e8dent \u00e0 cette page, ils ne rel\u00e8vent pas de la responsabilit\u00e9 de CAN CAMADES, SL l&#8217;utilisation que l&#8217;utilisateur peut effectuer \u00e0 cet \u00e9gard, ayant la responsabilit\u00e9 exclusive dans son la personne.\r\n\r\nUniquement pour un usage personnel et priv\u00e9, il est permis de t\u00e9l\u00e9charger le contenu, de copier ou d&#8217;imprimer n&#8217;importe quelle page de ce site. Il est interdit de reproduire, transmettre, modifier ou supprimer les informations, le contenu ou les avertissements de ce site Web sans l&#8217;autorisation \u00e9crite pr\u00e9alable de CAN CAMADES, SL.\r\n\r\nCAN CAMADES, SL ne transf\u00e8re pas la propri\u00e9t\u00e9 du logiciel aux utilisateurs. L&#8217;utilisateur est propri\u00e9taire du support sur lequel le logiciel est enregistr\u00e9. CAN CAMADES, SL d\u00e9tient tous les droits de propri\u00e9t\u00e9 industrielle et intellectuelle, y compris le logiciel. Si l&#8217;utilisateur transf\u00e8re le logiciel de ce site vers son terminal, il ne pourra pas d\u00e9cortiquer pour son \u00e9tude et d\u00e9compiler, traduire la version du code objet ou langage d&#8217;origine vers un autre code ou langage.\r\n<h2><em>Droit applicable et juridiction<\/em><\/h2>\r\nLes pr\u00e9sentes conditions g\u00e9n\u00e9rales sont r\u00e9gies par la l\u00e9gislation espagnole, les cours et tribunaux espagnols sont comp\u00e9tents pour savoir combien de questions se posent concernant l&#8217;interpr\u00e9tation, l&#8217;application et la conformit\u00e9 de celles-ci. L&#8217;UTILISATEUR, en vertu de son acceptation des conditions g\u00e9n\u00e9rales contenues dans la pr\u00e9sente notice l\u00e9gale, renonce express\u00e9ment \u00e0 toute juridiction qui, en application de la loi de proc\u00e9dure civile en vigueur, pourrait lui correspondre.\r\n<h2>Cookies<\/h2>\r\nSi vous laissez un commentaire sur notre site, vous pouvez choisir d&#8217;enregistrer votre nom, votre adresse e-mail et votre site Web dans des cookies. Ceux-ci sont pour votre commodit\u00e9 afin que vous n&#8217;ayez pas \u00e0 remplir \u00e0 nouveau vos coordonn\u00e9es lorsque vous laissez un autre commentaire. Ces cookies dureront un an.\r\n\r\nSi vous visitez notre page de connexion, nous installerons un cookie temporaire pour d\u00e9terminer si votre navigateur accepte les cookies. Ce cookie ne contient aucune donn\u00e9e personnelle et est supprim\u00e9 lorsque vous fermez votre navigateur.\r\n\r\nLors de votre connexion, nous mettrons \u00e9galement en place plusieurs cookies pour enregistrer vos informations de connexion et vos choix d&#8217;affichage \u00e0 l&#8217;\u00e9cran. Les cookies de connexion durent deux jours et les cookies d&#8217;options d&#8217;\u00e9cran durent un an. Si vous s\u00e9lectionnez &#8220;Se souvenir de moi&#8221;, votre connexion persistera pendant deux semaines. Si vous vous d\u00e9connectez de votre compte, les cookies de connexion seront supprim\u00e9s.\r\n\r\nSi vous modifiez ou publiez un article, un cookie suppl\u00e9mentaire sera enregistr\u00e9 dans votre navigateur. Ce cookie ne contient aucune donn\u00e9e personnelle et indique simplement l&#8217;identifiant de publication de l&#8217;article que vous venez d&#8217;\u00e9diter. Il expire apr\u00e8s 1 jour.\r\n\r\n&nbsp;\t\t\t\t\t\t\t\t<\/div>\n\t\t\t\t<\/div>\n\t\t\t\t\t<\/div>\n\t\t<\/div>\n\t\t\t\t\t<\/div>\n\t\t<\/section>\n\t\t\t\t<\/div>\n\t\t","protected":false},"excerpt":{"rendered":"<p>Politique d&#8217;annulation Remboursement int\u00e9gral pour les annulations effectu\u00e9es jusqu&#8217;\u00e0 30 jours avant la date d&#8217;arriv\u00e9e. Si vous r\u00e9servez moins de 30 jours avant l&#8217;arriv\u00e9e, vous recevrez un remboursement complet tant que vous annulez dans les 48 heures suivant la r\u00e9servation et au moins 14 jours avant le d\u00e9but de votre s\u00e9jour. Apr\u00e8s cette p\u00e9riode, vous [&hellip;]<\/p>\n","protected":false},"author":1,"featured_media":0,"parent":0,"menu_order":0,"comment_status":"closed","ping_status":"open","template":"","meta":{"_acf_changed":false,"_seopress_robots_primary_cat":"0","_seopress_titles_title":"","_seopress_titles_desc":"","_seopress_robots_index":"","footnotes":""},"class_list":["post-8628","page","type-page","status-publish","hentry","post-no-thumbnail"],"acf":[],"_links":{"self":[{"href":"https:\/\/cancamades.com\/fr\/wp-json\/wp\/v2\/pages\/8628","targetHints":{"allow":["GET"]}}],"collection":[{"href":"https:\/\/cancamades.com\/fr\/wp-json\/wp\/v2\/pages"}],"about":[{"href":"https:\/\/cancamades.com\/fr\/wp-json\/wp\/v2\/types\/page"}],"author":[{"embeddable":true,"href":"https:\/\/cancamades.com\/fr\/wp-json\/wp\/v2\/users\/1"}],"replies":[{"embeddable":true,"href":"https:\/\/cancamades.com\/fr\/wp-json\/wp\/v2\/comments?post=8628"}],"version-history":[{"count":9,"href":"https:\/\/cancamades.com\/fr\/wp-json\/wp\/v2\/pages\/8628\/revisions"}],"predecessor-version":[{"id":10084,"href":"https:\/\/cancamades.com\/fr\/wp-json\/wp\/v2\/pages\/8628\/revisions\/10084"}],"wp:attachment":[{"href":"https:\/\/cancamades.com\/fr\/wp-json\/wp\/v2\/media?parent=8628"}],"curies":[{"name":"wp","href":"https:\/\/api.w.org\/{rel}","templated":true}]}}