{"id":7260,"date":"2022-10-09T01:22:30","date_gmt":"2022-10-09T01:22:30","guid":{"rendered":"https:\/\/cancamades.com\/experiences\/"},"modified":"2025-10-01T10:30:41","modified_gmt":"2025-10-01T10:30:41","slug":"experiences","status":"publish","type":"page","link":"https:\/\/cancamades.com\/fr\/experiences\/","title":{"rendered":"Lieux pour boire un verre"},"content":{"rendered":"\t\t<div data-elementor-type=\"wp-page\" data-elementor-id=\"7260\" class=\"elementor elementor-7260 elementor-2106\">\n\t\t\t\t\t\t<section class=\"elementor-section elementor-top-section elementor-element elementor-element-6b5a2b7 elementor-section-boxed elementor-section-gap-beside-yes elementor-section-height-default elementor-section-height-default elementor-section-column-vertical-align-stretch\" data-id=\"6b5a2b7\" data-element_type=\"section\">\n\t\t\t\t\t\t<div class=\"elementor-container elementor-column-gap-extended\">\n\t\t\t\t\t<div class=\"elementor-column elementor-col-50 elementor-top-column elementor-element elementor-element-ea38c4a\" data-id=\"ea38c4a\" data-element_type=\"column\">\n\t\t\t<div class=\"elementor-widget-wrap elementor-element-populated\">\n\t\t\t\t\t\t<div class=\"elementor-element elementor-element-d5fcefe elementor-widget elementor-widget-nuss-image\" data-id=\"d5fcefe\" data-element_type=\"widget\" data-widget_type=\"nuss-image.default\">\n\t\t\t\t<div class=\"elementor-widget-container\">\n\t\t\t\t\t\t\t\t\t\t<div class=\"elementor-image\">\r\n\t\t\t\t\t\t\t\t\t\t\t\t<img fetchpriority=\"high\" decoding=\"async\" width=\"680\" height=\"510\" src=\"https:\/\/cancamades.com\/wp-content\/uploads\/2022\/12\/Mas-Sorrer.jpg\" class=\"attachment-large size-large wp-image-9423\" alt=\"Cozy outdoor dining area at Can Camades restaurant featuring wooden furniture, lush greenery, and stylish lighting for a relaxing dining experience.\" srcset=\"https:\/\/cancamades.com\/wp-content\/uploads\/2022\/12\/Mas-Sorrer.jpg 680w, https:\/\/cancamades.com\/wp-content\/uploads\/2022\/12\/Mas-Sorrer-300x225.jpg 300w, https:\/\/cancamades.com\/wp-content\/uploads\/2022\/12\/Mas-Sorrer-600x450.jpg 600w\" sizes=\"(max-width: 680px) 100vw, 680px\" \/>\t\t\t\t\t\t\t\t\t\t\t\t\t\t<\/div>\r\n\t\t\t\t\t\t\t\t<\/div>\n\t\t\t\t<\/div>\n\t\t\t\t\t<\/div>\n\t\t<\/div>\n\t\t\t\t<div class=\"elementor-column elementor-col-50 elementor-top-column elementor-element elementor-element-6f3ef3d\" data-id=\"6f3ef3d\" data-element_type=\"column\">\n\t\t\t<div class=\"elementor-widget-wrap elementor-element-populated\">\n\t\t\t\t\t\t<div class=\"elementor-element elementor-element-1e02dd3 elementor-widget elementor-widget-nuss-heading\" data-id=\"1e02dd3\" data-element_type=\"widget\" data-widget_type=\"nuss-heading.default\">\n\t\t\t\t<div class=\"elementor-widget-container\">\n\t\t\t\t\t\t\t<div class=\"nuss-modern-heading\">\r\n\t\t\t\r\n\t\t\t\t\t\t<div class=\"heading-primary-wrap\">\r\n\t\t\t\t<h2 class=\"heading-primary elementor-heading-title\">Mas Sorrer\r\n<\/h2>\t\t\t<\/div>\r\n\t\t\r\n\t\t\t\r\n\t\t\t\t\t\t<div class=\"heading-description-wrap\">\r\n\t\t\t\t<div class=\"heading-description\">\r\n\t\t\t\t\t<p>Restaurant informel, situ\u00e9 dans une ferme tranquille, o\u00f9 sont servis des plats locaux et de saison. C'est un point chaud de l'\u00e9t\u00e9 !<\/p>\t\t\t\t<\/div>\r\n\t\t\t<\/div>\r\n\t\t\t\t<\/div>\r\n\t\t\t\t\t<\/div>\n\t\t\t\t<\/div>\n\t\t\t\t<div class=\"elementor-element elementor-element-1ff8d26 elementor-widget elementor-widget-button\" data-id=\"1ff8d26\" data-element_type=\"widget\" data-widget_type=\"button.default\">\n\t\t\t\t<div class=\"elementor-widget-container\">\n\t\t\t\t\t\t\t\t\t<div class=\"elementor-button-wrapper\">\n\t\t\t\t\t<a class=\"elementor-button elementor-button-link elementor-size-sm\" href=\"https:\/\/goo.gl\/maps\/VMPskGdMWnmof9rm6\" target=\"_blank\">\n\t\t\t\t\t\t<span class=\"elementor-button-content-wrapper\">\n\t\t\t\t\t\t\t\t\t<span class=\"elementor-button-text\">Google Maps<\/span>\n\t\t\t\t\t<\/span>\n\t\t\t\t\t<\/a>\n\t\t\t\t<\/div>\n\t\t\t\t\t\t\t\t<\/div>\n\t\t\t\t<\/div>\n\t\t\t\t\t<\/div>\n\t\t<\/div>\n\t\t\t\t\t<\/div>\n\t\t<\/section>\n\t\t\t\t<section class=\"elementor-section elementor-top-section elementor-element elementor-element-4ada1dd elementor-section-boxed elementor-section-gap-beside-yes elementor-section-height-default elementor-section-height-default elementor-section-column-vertical-align-stretch\" data-id=\"4ada1dd\" data-element_type=\"section\">\n\t\t\t\t\t\t<div class=\"elementor-container elementor-column-gap-extended\">\n\t\t\t\t\t<div class=\"elementor-column elementor-col-50 elementor-top-column elementor-element elementor-element-c056292\" data-id=\"c056292\" data-element_type=\"column\">\n\t\t\t<div class=\"elementor-widget-wrap elementor-element-populated\">\n\t\t\t\t\t\t<div class=\"elementor-element elementor-element-5b6d65a elementor-widget elementor-widget-nuss-image\" data-id=\"5b6d65a\" data-element_type=\"widget\" data-widget_type=\"nuss-image.default\">\n\t\t\t\t<div class=\"elementor-widget-container\">\n\t\t\t\t\t\t\t\t\t\t<div class=\"elementor-image\">\r\n\t\t\t\t\t\t\t\t\t\t\t\t<img decoding=\"async\" width=\"420\" height=\"510\" src=\"https:\/\/cancamades.com\/wp-content\/uploads\/2022\/12\/Dos-Kiwis.jpeg\" class=\"attachment-large size-large wp-image-9418\" alt=\"Freshly brewed craft beers at Doskiwis Brewing, featuring a modern menu with a variety of flavorful options. Perfect for beer enthusiasts seeking quality and unique brews in a stylish setting.\" srcset=\"https:\/\/cancamades.com\/wp-content\/uploads\/2022\/12\/Dos-Kiwis.jpeg 420w, https:\/\/cancamades.com\/wp-content\/uploads\/2022\/12\/Dos-Kiwis-247x300.jpeg 247w\" sizes=\"(max-width: 420px) 100vw, 420px\" \/>\t\t\t\t\t\t\t\t\t\t\t\t\t\t<\/div>\r\n\t\t\t\t\t\t\t\t<\/div>\n\t\t\t\t<\/div>\n\t\t\t\t\t<\/div>\n\t\t<\/div>\n\t\t\t\t<div class=\"elementor-column elementor-col-50 elementor-top-column elementor-element elementor-element-5c744c7\" data-id=\"5c744c7\" data-element_type=\"column\">\n\t\t\t<div class=\"elementor-widget-wrap elementor-element-populated\">\n\t\t\t\t\t\t<div class=\"elementor-element elementor-element-1a948c2 elementor-widget elementor-widget-nuss-heading\" data-id=\"1a948c2\" data-element_type=\"widget\" data-widget_type=\"nuss-heading.default\">\n\t\t\t\t<div class=\"elementor-widget-container\">\n\t\t\t\t\t\t\t<div class=\"nuss-modern-heading\">\r\n\t\t\t\r\n\t\t\t\t\t\t<div class=\"heading-primary-wrap\">\r\n\t\t\t\t<h2 class=\"heading-primary elementor-heading-title\">Dos Kiwis<\/h2>\t\t\t<\/div>\r\n\t\t\r\n\t\t\t\r\n\t\t\t\t\t\t<div class=\"heading-description-wrap\">\r\n\t\t\t\t<div class=\"heading-description\">\r\n\t\t\t\t\t<p>En 2016, Michael (Nouvelle-Z\u00e9lande) et Judit (Llofriu, Baix Empord\u00e0) ont cr\u00e9\u00e9 DosKiwis Brewing avec pour mission de brasser les bi\u00e8res qu'ils voulaient boire et de les partager avec leur communaut\u00e9.<\/p><p>Ils ont ouvert les portes de leur taproom et brasserie en f\u00e9vrier 2019, un espace o\u00f9 se rencontrent les cultures n\u00e9o-z\u00e9landaises et catalanes. Situ\u00e9 \u00e0 Rupi\u00e0, Baix Empord\u00e0, DosKiwis vise \u00e0 faire partie int\u00e9grante du quartier en collaborant et en s'associant avec des personnes, des entreprises et des projets partageant les m\u00eames id\u00e9es et \u00e0 am\u00e9liorer la vie de ceux qui vivent ou visitent la r\u00e9gion.<\/p>\t\t\t\t<\/div>\r\n\t\t\t<\/div>\r\n\t\t\t\t<\/div>\r\n\t\t\t\t\t<\/div>\n\t\t\t\t<\/div>\n\t\t\t\t<div class=\"elementor-element elementor-element-d5f6609 elementor-widget elementor-widget-button\" data-id=\"d5f6609\" data-element_type=\"widget\" data-widget_type=\"button.default\">\n\t\t\t\t<div class=\"elementor-widget-container\">\n\t\t\t\t\t\t\t\t\t<div class=\"elementor-button-wrapper\">\n\t\t\t\t\t<a class=\"elementor-button elementor-button-link elementor-size-sm\" href=\"https:\/\/goo.gl\/maps\/tEJH6UvznNZgChMr6\" target=\"_blank\">\n\t\t\t\t\t\t<span class=\"elementor-button-content-wrapper\">\n\t\t\t\t\t\t\t\t\t<span class=\"elementor-button-text\">Google Maps<\/span>\n\t\t\t\t\t<\/span>\n\t\t\t\t\t<\/a>\n\t\t\t\t<\/div>\n\t\t\t\t\t\t\t\t<\/div>\n\t\t\t\t<\/div>\n\t\t\t\t\t<\/div>\n\t\t<\/div>\n\t\t\t\t\t<\/div>\n\t\t<\/section>\n\t\t\t\t<section class=\"elementor-section elementor-top-section elementor-element elementor-element-e1b9eed elementor-section-boxed elementor-section-gap-beside-yes elementor-section-height-default elementor-section-height-default elementor-section-column-vertical-align-stretch\" data-id=\"e1b9eed\" data-element_type=\"section\">\n\t\t\t\t\t\t<div class=\"elementor-container elementor-column-gap-extended\">\n\t\t\t\t\t<div class=\"elementor-column elementor-col-50 elementor-top-column elementor-element elementor-element-04a8e3f\" data-id=\"04a8e3f\" data-element_type=\"column\">\n\t\t\t<div class=\"elementor-widget-wrap elementor-element-populated\">\n\t\t\t\t\t\t<div class=\"elementor-element elementor-element-882b529 elementor-widget elementor-widget-nuss-image\" data-id=\"882b529\" data-element_type=\"widget\" data-widget_type=\"nuss-image.default\">\n\t\t\t\t<div class=\"elementor-widget-container\">\n\t\t\t\t\t\t\t\t\t\t<div class=\"elementor-image\">\r\n\t\t\t\t\t\t\t\t\t\t\t\t<img decoding=\"async\" width=\"493\" height=\"510\" src=\"https:\/\/cancamades.com\/wp-content\/uploads\/2022\/12\/Mas-Pinell.jpg\" class=\"attachment-large size-large wp-image-9429\" alt=\"Beachside restaurant seating with ocean view, umbrellas, and relaxing seaside atmosphere, perfect for enjoying drinks and food by the water on a sunny day.\" srcset=\"https:\/\/cancamades.com\/wp-content\/uploads\/2022\/12\/Mas-Pinell.jpg 493w, https:\/\/cancamades.com\/wp-content\/uploads\/2022\/12\/Mas-Pinell-290x300.jpg 290w\" sizes=\"(max-width: 493px) 100vw, 493px\" \/>\t\t\t\t\t\t\t\t\t\t\t\t\t\t<\/div>\r\n\t\t\t\t\t\t\t\t<\/div>\n\t\t\t\t<\/div>\n\t\t\t\t\t<\/div>\n\t\t<\/div>\n\t\t\t\t<div class=\"elementor-column elementor-col-50 elementor-top-column elementor-element elementor-element-502853a\" data-id=\"502853a\" data-element_type=\"column\">\n\t\t\t<div class=\"elementor-widget-wrap elementor-element-populated\">\n\t\t\t\t\t\t<div class=\"elementor-element elementor-element-3a4f85f elementor-widget elementor-widget-nuss-heading\" data-id=\"3a4f85f\" data-element_type=\"widget\" data-widget_type=\"nuss-heading.default\">\n\t\t\t\t<div class=\"elementor-widget-container\">\n\t\t\t\t\t\t\t<div class=\"nuss-modern-heading\">\r\n\t\t\t\r\n\t\t\t\t\t\t<div class=\"heading-primary-wrap\">\r\n\t\t\t\t<h2 class=\"heading-primary elementor-heading-title\">Mas Pinell<\/h2>\t\t\t<\/div>\r\n\t\t\r\n\t\t\t\r\n\t\t\t\t\t\t<div class=\"heading-description-wrap\">\r\n\t\t\t\t<div class=\"heading-description\">\r\n\t\t\t\t\t<p>Beach Bar pour profiter d'une bonne nourriture et de boissons juste \u00e0 c\u00f4t\u00e9 du sable.<\/p>\t\t\t\t<\/div>\r\n\t\t\t<\/div>\r\n\t\t\t\t<\/div>\r\n\t\t\t\t\t<\/div>\n\t\t\t\t<\/div>\n\t\t\t\t<div class=\"elementor-element elementor-element-63e7aa6 elementor-widget elementor-widget-button\" data-id=\"63e7aa6\" data-element_type=\"widget\" data-widget_type=\"button.default\">\n\t\t\t\t<div class=\"elementor-widget-container\">\n\t\t\t\t\t\t\t\t\t<div class=\"elementor-button-wrapper\">\n\t\t\t\t\t<a class=\"elementor-button elementor-button-link elementor-size-sm\" href=\"https:\/\/goo.gl\/maps\/aag9vZ6fZsnGkwZZ7\" target=\"_blank\">\n\t\t\t\t\t\t<span class=\"elementor-button-content-wrapper\">\n\t\t\t\t\t\t\t\t\t<span class=\"elementor-button-text\">Google Maps<\/span>\n\t\t\t\t\t<\/span>\n\t\t\t\t\t<\/a>\n\t\t\t\t<\/div>\n\t\t\t\t\t\t\t\t<\/div>\n\t\t\t\t<\/div>\n\t\t\t\t\t<\/div>\n\t\t<\/div>\n\t\t\t\t\t<\/div>\n\t\t<\/section>\n\t\t\t\t<section class=\"elementor-section elementor-top-section elementor-element elementor-element-71a7309 elementor-section-boxed elementor-section-gap-beside-yes elementor-section-height-default elementor-section-height-default elementor-section-column-vertical-align-stretch\" data-id=\"71a7309\" data-element_type=\"section\">\n\t\t\t\t\t\t<div class=\"elementor-container elementor-column-gap-extended\">\n\t\t\t\t\t<div class=\"elementor-column elementor-col-50 elementor-top-column elementor-element elementor-element-e478855\" data-id=\"e478855\" data-element_type=\"column\">\n\t\t\t<div class=\"elementor-widget-wrap elementor-element-populated\">\n\t\t\t\t\t\t<div class=\"elementor-element elementor-element-8654221 elementor-widget elementor-widget-nuss-image\" data-id=\"8654221\" data-element_type=\"widget\" data-widget_type=\"nuss-image.default\">\n\t\t\t\t<div class=\"elementor-widget-container\">\n\t\t\t\t\t\t\t\t\t\t<div class=\"elementor-image\">\r\n\t\t\t\t\t\t\t\t\t\t\t\t<img loading=\"lazy\" decoding=\"async\" width=\"936\" height=\"701\" src=\"https:\/\/cancamades.com\/wp-content\/uploads\/2022\/12\/Ukelele.png\" class=\"attachment-large size-large wp-image-9434\" alt=\"Beachside bar with wooden structure, overlooking sandy beach with umbrellas, people, and kite surfers under a blue sky, promoting Can Camades&#039; seaside dining experience.\" srcset=\"https:\/\/cancamades.com\/wp-content\/uploads\/2022\/12\/Ukelele.png 936w, https:\/\/cancamades.com\/wp-content\/uploads\/2022\/12\/Ukelele-300x225.png 300w, https:\/\/cancamades.com\/wp-content\/uploads\/2022\/12\/Ukelele-768x575.png 768w, https:\/\/cancamades.com\/wp-content\/uploads\/2022\/12\/Ukelele-600x449.png 600w\" sizes=\"(max-width: 936px) 100vw, 936px\" \/>\t\t\t\t\t\t\t\t\t\t\t\t\t\t<\/div>\r\n\t\t\t\t\t\t\t\t<\/div>\n\t\t\t\t<\/div>\n\t\t\t\t\t<\/div>\n\t\t<\/div>\n\t\t\t\t<div class=\"elementor-column elementor-col-50 elementor-top-column elementor-element elementor-element-fd58a48\" data-id=\"fd58a48\" data-element_type=\"column\">\n\t\t\t<div class=\"elementor-widget-wrap elementor-element-populated\">\n\t\t\t\t\t\t<div class=\"elementor-element elementor-element-1338294 elementor-widget elementor-widget-nuss-heading\" data-id=\"1338294\" data-element_type=\"widget\" data-widget_type=\"nuss-heading.default\">\n\t\t\t\t<div class=\"elementor-widget-container\">\n\t\t\t\t\t\t\t<div class=\"nuss-modern-heading\">\r\n\t\t\t\r\n\t\t\t\t\t\t<div class=\"heading-primary-wrap\">\r\n\t\t\t\t<h2 class=\"heading-primary elementor-heading-title\">Ukelele<\/h2>\t\t\t<\/div>\r\n\t\t\r\n\t\t\t\r\n\t\t\t\t\t\t<div class=\"heading-description-wrap\">\r\n\t\t\t\t<div class=\"heading-description\">\r\n\t\t\t\t\t<p>Ukulele is the tropical beach vibe. Fresh juices, handmade natural cocktails, mojitos and a healthy offer of fusion cuisine with live music.<\/p>\t\t\t\t<\/div>\r\n\t\t\t<\/div>\r\n\t\t\t\t<\/div>\r\n\t\t\t\t\t<\/div>\n\t\t\t\t<\/div>\n\t\t\t\t<div class=\"elementor-element elementor-element-8f54303 elementor-widget elementor-widget-button\" data-id=\"8f54303\" data-element_type=\"widget\" data-widget_type=\"button.default\">\n\t\t\t\t<div class=\"elementor-widget-container\">\n\t\t\t\t\t\t\t\t\t<div class=\"elementor-button-wrapper\">\n\t\t\t\t\t<a class=\"elementor-button elementor-button-link elementor-size-sm\" href=\"https:\/\/goo.gl\/maps\/8QAUadZe7YKPsEWf6\" target=\"_blank\">\n\t\t\t\t\t\t<span class=\"elementor-button-content-wrapper\">\n\t\t\t\t\t\t\t\t\t<span class=\"elementor-button-text\">Google Maps<\/span>\n\t\t\t\t\t<\/span>\n\t\t\t\t\t<\/a>\n\t\t\t\t<\/div>\n\t\t\t\t\t\t\t\t<\/div>\n\t\t\t\t<\/div>\n\t\t\t\t\t<\/div>\n\t\t<\/div>\n\t\t\t\t\t<\/div>\n\t\t<\/section>\n\t\t\t\t<section class=\"elementor-section elementor-top-section elementor-element elementor-element-787a301 elementor-section-boxed elementor-section-gap-beside-yes elementor-section-height-default elementor-section-height-default elementor-section-column-vertical-align-stretch\" data-id=\"787a301\" data-element_type=\"section\">\n\t\t\t\t\t\t<div class=\"elementor-container elementor-column-gap-extended\">\n\t\t\t\t\t<div class=\"elementor-column elementor-col-50 elementor-top-column elementor-element elementor-element-d8223d6\" data-id=\"d8223d6\" data-element_type=\"column\">\n\t\t\t<div class=\"elementor-widget-wrap elementor-element-populated\">\n\t\t\t\t\t\t<div class=\"elementor-element elementor-element-8e82f75 elementor-widget elementor-widget-nuss-image\" data-id=\"8e82f75\" data-element_type=\"widget\" data-widget_type=\"nuss-image.default\">\n\t\t\t\t<div class=\"elementor-widget-container\">\n\t\t\t\t\t\t\t\t\t\t<div class=\"elementor-image\">\r\n\t\t\t\t\t\t\t\t\t\t\t\t<img loading=\"lazy\" decoding=\"async\" width=\"680\" height=\"453\" src=\"https:\/\/cancamades.com\/wp-content\/uploads\/2022\/12\/Grava.jpg\" class=\"attachment-large size-large wp-image-9439\" alt=\"Outdoor dining area at Can Camades with stylish tables and chairs under a shaded canopy, surrounded by greenery, offering a relaxed atmosphere for guests.\" srcset=\"https:\/\/cancamades.com\/wp-content\/uploads\/2022\/12\/Grava.jpg 680w, https:\/\/cancamades.com\/wp-content\/uploads\/2022\/12\/Grava-300x200.jpg 300w, https:\/\/cancamades.com\/wp-content\/uploads\/2022\/12\/Grava-600x400.jpg 600w\" sizes=\"(max-width: 680px) 100vw, 680px\" \/>\t\t\t\t\t\t\t\t\t\t\t\t\t\t<\/div>\r\n\t\t\t\t\t\t\t\t<\/div>\n\t\t\t\t<\/div>\n\t\t\t\t\t<\/div>\n\t\t<\/div>\n\t\t\t\t<div class=\"elementor-column elementor-col-50 elementor-top-column elementor-element elementor-element-a412401\" data-id=\"a412401\" data-element_type=\"column\">\n\t\t\t<div class=\"elementor-widget-wrap elementor-element-populated\">\n\t\t\t\t\t\t<div class=\"elementor-element elementor-element-b859af7 elementor-widget elementor-widget-nuss-heading\" data-id=\"b859af7\" data-element_type=\"widget\" data-widget_type=\"nuss-heading.default\">\n\t\t\t\t<div class=\"elementor-widget-container\">\n\t\t\t\t\t\t\t<div class=\"nuss-modern-heading\">\r\n\t\t\t\r\n\t\t\t\t\t\t<div class=\"heading-primary-wrap\">\r\n\t\t\t\t<h2 class=\"heading-primary elementor-heading-title\">Grava<\/h2>\t\t\t<\/div>\r\n\t\t\r\n\t\t\t\r\n\t\t\t\t\t\t<div class=\"heading-description-wrap\">\r\n\t\t\t\t<div class=\"heading-description\">\r\n\t\t\t\t\t<p>Grava est une communaut\u00e9 inclusive et adaptable, une zone d'alimentation, un restaurant ext\u00e9rieur confortable et des gens positifs. Avec un grand go\u00fbt pour le bon caf\u00e9, les meubles faits \u00e0 la main, le plein air et les meilleurs produits de qualit\u00e9 et la gastronomie locale<\/p>\t\t\t\t<\/div>\r\n\t\t\t<\/div>\r\n\t\t\t\t<\/div>\r\n\t\t\t\t\t<\/div>\n\t\t\t\t<\/div>\n\t\t\t\t<div class=\"elementor-element elementor-element-55b302f elementor-widget elementor-widget-button\" data-id=\"55b302f\" data-element_type=\"widget\" data-widget_type=\"button.default\">\n\t\t\t\t<div class=\"elementor-widget-container\">\n\t\t\t\t\t\t\t\t\t<div class=\"elementor-button-wrapper\">\n\t\t\t\t\t<a class=\"elementor-button elementor-button-link elementor-size-sm\" href=\"https:\/\/goo.gl\/maps\/Qt7Pfy1oFxPFEdFZA\" target=\"_blank\">\n\t\t\t\t\t\t<span class=\"elementor-button-content-wrapper\">\n\t\t\t\t\t\t\t\t\t<span class=\"elementor-button-text\">Google Maps<\/span>\n\t\t\t\t\t<\/span>\n\t\t\t\t\t<\/a>\n\t\t\t\t<\/div>\n\t\t\t\t\t\t\t\t<\/div>\n\t\t\t\t<\/div>\n\t\t\t\t\t<\/div>\n\t\t<\/div>\n\t\t\t\t\t<\/div>\n\t\t<\/section>\n\t\t\t\t<\/div>\n\t\t","protected":false},"excerpt":{"rendered":"<p>Mas Sorrer Restaurant informel, situ\u00e9 dans une ferme tranquille, o\u00f9 sont servis des plats locaux et de saison. C&#8217;est un point chaud de l&#8217;\u00e9t\u00e9 ! Google Maps Dos Kiwis En 2016, Michael (Nouvelle-Z\u00e9lande) et Judit (Llofriu, Baix Empord\u00e0) ont cr\u00e9\u00e9 DosKiwis Brewing avec pour mission de brasser les bi\u00e8res qu&#8217;ils voulaient boire et de les [&hellip;]<\/p>\n","protected":false},"author":1,"featured_media":0,"parent":0,"menu_order":0,"comment_status":"closed","ping_status":"closed","template":"","meta":{"_acf_changed":false,"_seopress_robots_primary_cat":"","_seopress_titles_title":"Meilleurs Bars & Vie Nocturne \u00e0 Costa Brava | Guide Local","_seopress_titles_desc":"D\u00e9couvrez les meilleurs bars, clubs de plage et terrasses \u00e0 Costa Brava. Votre guide des bars \u00e0 tapas et cocktails avec vue sur mer.","_seopress_robots_index":"","footnotes":""},"class_list":["post-7260","page","type-page","status-publish","hentry","post-no-thumbnail"],"acf":[],"_links":{"self":[{"href":"https:\/\/cancamades.com\/fr\/wp-json\/wp\/v2\/pages\/7260","targetHints":{"allow":["GET"]}}],"collection":[{"href":"https:\/\/cancamades.com\/fr\/wp-json\/wp\/v2\/pages"}],"about":[{"href":"https:\/\/cancamades.com\/fr\/wp-json\/wp\/v2\/types\/page"}],"author":[{"embeddable":true,"href":"https:\/\/cancamades.com\/fr\/wp-json\/wp\/v2\/users\/1"}],"replies":[{"embeddable":true,"href":"https:\/\/cancamades.com\/fr\/wp-json\/wp\/v2\/comments?post=7260"}],"version-history":[{"count":5,"href":"https:\/\/cancamades.com\/fr\/wp-json\/wp\/v2\/pages\/7260\/revisions"}],"predecessor-version":[{"id":10520,"href":"https:\/\/cancamades.com\/fr\/wp-json\/wp\/v2\/pages\/7260\/revisions\/10520"}],"wp:attachment":[{"href":"https:\/\/cancamades.com\/fr\/wp-json\/wp\/v2\/media?parent=7260"}],"curies":[{"name":"wp","href":"https:\/\/api.w.org\/{rel}","templated":true}]}}