{"id":7258,"date":"2022-10-09T01:22:30","date_gmt":"2022-10-09T01:22:30","guid":{"rendered":"https:\/\/cancamades.com\/mariages\/"},"modified":"2025-10-01T09:58:19","modified_gmt":"2025-10-01T09:58:19","slug":"marches-locals","status":"publish","type":"page","link":"https:\/\/cancamades.com\/fr\/marches-locals\/","title":{"rendered":"March\u00e9s"},"content":{"rendered":"\t\t<div data-elementor-type=\"wp-page\" data-elementor-id=\"7258\" class=\"elementor elementor-7258 elementor-2107\">\n\t\t\t\t\t\t<section class=\"elementor-section elementor-top-section elementor-element elementor-element-11c45ca elementor-section-boxed elementor-section-gap-beside-yes elementor-section-height-default elementor-section-height-default elementor-section-column-vertical-align-stretch\" data-id=\"11c45ca\" data-element_type=\"section\">\n\t\t\t\t\t\t<div class=\"elementor-container elementor-column-gap-extended\">\n\t\t\t\t\t<div class=\"elementor-column elementor-col-50 elementor-top-column elementor-element elementor-element-2bdc638\" data-id=\"2bdc638\" data-element_type=\"column\">\n\t\t\t<div class=\"elementor-widget-wrap elementor-element-populated\">\n\t\t\t\t\t\t<div class=\"elementor-element elementor-element-28ac104 elementor-widget elementor-widget-nuss-image\" data-id=\"28ac104\" data-element_type=\"widget\" data-widget_type=\"nuss-image.default\">\n\t\t\t\t<div class=\"elementor-widget-container\">\n\t\t\t\t\t\t\t\t\t\t<div class=\"elementor-image\">\r\n\t\t\t\t\t\t\t\t\t\t\t\t<img fetchpriority=\"high\" decoding=\"async\" width=\"1024\" height=\"768\" src=\"https:\/\/cancamades.com\/wp-content\/uploads\/2022\/12\/Mercat-Verges-1024x768.jpg\" class=\"attachment-large size-large wp-image-9505\" alt=\"Colorful flower market stand with potted plants and vibrant blooms set against historic stone buildings in a European town.\" srcset=\"https:\/\/cancamades.com\/wp-content\/uploads\/2022\/12\/Mercat-Verges-1024x768.jpg 1024w, https:\/\/cancamades.com\/wp-content\/uploads\/2022\/12\/Mercat-Verges-300x225.jpg 300w, https:\/\/cancamades.com\/wp-content\/uploads\/2022\/12\/Mercat-Verges-768x576.jpg 768w, https:\/\/cancamades.com\/wp-content\/uploads\/2022\/12\/Mercat-Verges-1536x1152.jpg 1536w, https:\/\/cancamades.com\/wp-content\/uploads\/2022\/12\/Mercat-Verges-600x450.jpg 600w, https:\/\/cancamades.com\/wp-content\/uploads\/2022\/12\/Mercat-Verges.jpg 1632w\" sizes=\"(max-width: 1024px) 100vw, 1024px\" \/>\t\t\t\t\t\t\t\t\t\t\t\t\t\t<\/div>\r\n\t\t\t\t\t\t\t\t<\/div>\n\t\t\t\t<\/div>\n\t\t\t\t\t<\/div>\n\t\t<\/div>\n\t\t\t\t<div class=\"elementor-column elementor-col-50 elementor-top-column elementor-element elementor-element-d2dca2c\" data-id=\"d2dca2c\" data-element_type=\"column\">\n\t\t\t<div class=\"elementor-widget-wrap elementor-element-populated\">\n\t\t\t\t\t\t<div class=\"elementor-element elementor-element-229ef94 elementor-widget elementor-widget-nuss-heading\" data-id=\"229ef94\" data-element_type=\"widget\" data-widget_type=\"nuss-heading.default\">\n\t\t\t\t<div class=\"elementor-widget-container\">\n\t\t\t\t\t\t\t<div class=\"nuss-modern-heading\">\r\n\t\t\t\r\n\t\t\t\t\t\t<div class=\"heading-primary-wrap\">\r\n\t\t\t\t<h2 class=\"heading-primary elementor-heading-title\">March\u00e9 alimentaire de Verges<\/h2>\t\t\t<\/div>\r\n\t\t\r\n\t\t\t\r\n\t\t\t\t\t<\/div>\r\n\t\t\t\t\t<\/div>\n\t\t\t\t<\/div>\n\t\t\t\t<div class=\"elementor-element elementor-element-ead186e nuss-icon-box-style-03 elementor-position-left elementor-vertical-align-middle nuss-view-default elementor-widget elementor-widget-nuss-icon-box\" data-id=\"ead186e\" data-element_type=\"widget\" data-widget_type=\"nuss-icon-box.default\">\n\t\t\t\t<div class=\"elementor-widget-container\">\n\t\t\t\t\t\t\t<div class=\"nuss-icon-box nuss-box\">\r\n\t\t<div class=\"icon-box-wrapper\">\r\n\t\t\t\t\t\t\t<div class=\"nuss-icon-wrap\">\r\n\t\t\t\t\t<div class=\"nuss-icon-view\">\r\n\t\t\t\t\t\t<div class=\"nuss-icon icon nuss-solid-icon\">\r\n\t\t\t\t\t\t\t<i aria-hidden=\"true\" class=\"fal fa-clock\"><\/i>\t\t\t\t\t\t<\/div>\r\n\t\t\t\t\t<\/div>\r\n\t\t\t\t<\/div>\r\n\t\t\t\r\n\t\t\t<div class=\"icon-box-content\">\r\n\t\t\t\t\t\t\t\t<div class=\"heading-wrap\">\r\n\t\t\t\t\t<h3 class=\"heading\">This is the heading<\/h3>\r\n\t\t\t\t\t\t\t\t\t<\/div>\r\n\t\t\t\r\n\t\t\t\t\t\t\t\t<div class=\"description-wrap\">\r\n\t\t\t\t\t<div class=\"description\">\r\n\t\t\t\t\t\tMardi matin\t\t\t\t\t<\/div>\r\n\t\t\t\t<\/div>\r\n\t\t\r\n\t\t\t\t\t\t\t<\/div>\r\n\t\t<\/div>\r\n\r\n\t\t<\/div>\t\t\t\t\t<\/div>\n\t\t\t\t<\/div>\n\t\t\t\t<div class=\"elementor-element elementor-element-c2c31e3 elementor-widget elementor-widget-button\" data-id=\"c2c31e3\" data-element_type=\"widget\" data-widget_type=\"button.default\">\n\t\t\t\t<div class=\"elementor-widget-container\">\n\t\t\t\t\t\t\t\t\t<div class=\"elementor-button-wrapper\">\n\t\t\t\t\t<a class=\"elementor-button elementor-button-link elementor-size-sm\" href=\"https:\/\/goo.gl\/maps\/wTZAXun8XWqA8nSF8\">\n\t\t\t\t\t\t<span class=\"elementor-button-content-wrapper\">\n\t\t\t\t\t\t\t\t\t<span class=\"elementor-button-text\">Google Maps<\/span>\n\t\t\t\t\t<\/span>\n\t\t\t\t\t<\/a>\n\t\t\t\t<\/div>\n\t\t\t\t\t\t\t\t<\/div>\n\t\t\t\t<\/div>\n\t\t\t\t\t<\/div>\n\t\t<\/div>\n\t\t\t\t\t<\/div>\n\t\t<\/section>\n\t\t\t\t<section class=\"elementor-section elementor-top-section elementor-element elementor-element-e605c5f elementor-section-boxed elementor-section-gap-beside-yes elementor-section-height-default elementor-section-height-default elementor-section-column-vertical-align-stretch\" data-id=\"e605c5f\" data-element_type=\"section\">\n\t\t\t\t\t\t<div class=\"elementor-container elementor-column-gap-extended\">\n\t\t\t\t\t<div class=\"elementor-column elementor-col-50 elementor-top-column elementor-element elementor-element-18f743b\" data-id=\"18f743b\" data-element_type=\"column\">\n\t\t\t<div class=\"elementor-widget-wrap elementor-element-populated\">\n\t\t\t\t\t\t<div class=\"elementor-element elementor-element-e7ae98c elementor-widget elementor-widget-nuss-image\" data-id=\"e7ae98c\" data-element_type=\"widget\" data-widget_type=\"nuss-image.default\">\n\t\t\t\t<div class=\"elementor-widget-container\">\n\t\t\t\t\t\t\t\t\t\t<div class=\"elementor-image\">\r\n\t\t\t\t\t\t\t\t\t\t\t\t<img decoding=\"async\" width=\"870\" height=\"580\" src=\"https:\/\/cancamades.com\/wp-content\/uploads\/2022\/12\/Mercat-Setmanal-Torroella.jpg\" class=\"attachment-large size-large wp-image-9511\" alt=\"Colorful outdoor marketplace with fresh fruits and vegetables in a historic European town square under vibrant blue skies.\" srcset=\"https:\/\/cancamades.com\/wp-content\/uploads\/2022\/12\/Mercat-Setmanal-Torroella.jpg 870w, https:\/\/cancamades.com\/wp-content\/uploads\/2022\/12\/Mercat-Setmanal-Torroella-300x200.jpg 300w, https:\/\/cancamades.com\/wp-content\/uploads\/2022\/12\/Mercat-Setmanal-Torroella-768x512.jpg 768w, https:\/\/cancamades.com\/wp-content\/uploads\/2022\/12\/Mercat-Setmanal-Torroella-600x400.jpg 600w\" sizes=\"(max-width: 870px) 100vw, 870px\" \/>\t\t\t\t\t\t\t\t\t\t\t\t\t\t<\/div>\r\n\t\t\t\t\t\t\t\t<\/div>\n\t\t\t\t<\/div>\n\t\t\t\t\t<\/div>\n\t\t<\/div>\n\t\t\t\t<div class=\"elementor-column elementor-col-50 elementor-top-column elementor-element elementor-element-17d0fc3\" data-id=\"17d0fc3\" data-element_type=\"column\">\n\t\t\t<div class=\"elementor-widget-wrap elementor-element-populated\">\n\t\t\t\t\t\t<div class=\"elementor-element elementor-element-4c59e26 elementor-widget elementor-widget-nuss-heading\" data-id=\"4c59e26\" data-element_type=\"widget\" data-widget_type=\"nuss-heading.default\">\n\t\t\t\t<div class=\"elementor-widget-container\">\n\t\t\t\t\t\t\t<div class=\"nuss-modern-heading\">\r\n\t\t\t\r\n\t\t\t\t\t\t<div class=\"heading-primary-wrap\">\r\n\t\t\t\t<h2 class=\"heading-primary elementor-heading-title\">March\u00e9 de Torroella de Montgr\u00ed<\/h2>\t\t\t<\/div>\r\n\t\t\r\n\t\t\t\r\n\t\t\t\t\t<\/div>\r\n\t\t\t\t\t<\/div>\n\t\t\t\t<\/div>\n\t\t\t\t<div class=\"elementor-element elementor-element-d8f2086 nuss-icon-box-style-03 elementor-position-left elementor-vertical-align-middle nuss-view-default elementor-widget elementor-widget-nuss-icon-box\" data-id=\"d8f2086\" data-element_type=\"widget\" data-widget_type=\"nuss-icon-box.default\">\n\t\t\t\t<div class=\"elementor-widget-container\">\n\t\t\t\t\t\t\t<div class=\"nuss-icon-box nuss-box\">\r\n\t\t<div class=\"icon-box-wrapper\">\r\n\t\t\t\t\t\t\t<div class=\"nuss-icon-wrap\">\r\n\t\t\t\t\t<div class=\"nuss-icon-view\">\r\n\t\t\t\t\t\t<div class=\"nuss-icon icon nuss-solid-icon\">\r\n\t\t\t\t\t\t\t<i aria-hidden=\"true\" class=\"fal fa-clock\"><\/i>\t\t\t\t\t\t<\/div>\r\n\t\t\t\t\t<\/div>\r\n\t\t\t\t<\/div>\r\n\t\t\t\r\n\t\t\t<div class=\"icon-box-content\">\r\n\t\t\t\t\t\t\t\t<div class=\"heading-wrap\">\r\n\t\t\t\t\t<h3 class=\"heading\">This is the heading<\/h3>\r\n\t\t\t\t\t\t\t\t\t<\/div>\r\n\t\t\t\r\n\t\t\t\t\t\t\t\t<div class=\"description-wrap\">\r\n\t\t\t\t\t<div class=\"description\">\r\n\t\t\t\t\t\tLundi matin\t\t\t\t\t<\/div>\r\n\t\t\t\t<\/div>\r\n\t\t\r\n\t\t\t\t\t\t\t<\/div>\r\n\t\t<\/div>\r\n\r\n\t\t<\/div>\t\t\t\t\t<\/div>\n\t\t\t\t<\/div>\n\t\t\t\t<div class=\"elementor-element elementor-element-7321cde elementor-widget elementor-widget-button\" data-id=\"7321cde\" data-element_type=\"widget\" data-widget_type=\"button.default\">\n\t\t\t\t<div class=\"elementor-widget-container\">\n\t\t\t\t\t\t\t\t\t<div class=\"elementor-button-wrapper\">\n\t\t\t\t\t<a class=\"elementor-button elementor-button-link elementor-size-sm\" href=\"https:\/\/goo.gl\/maps\/gdZT78uL8ZuXzoTu7\" target=\"_blank\">\n\t\t\t\t\t\t<span class=\"elementor-button-content-wrapper\">\n\t\t\t\t\t\t\t\t\t<span class=\"elementor-button-text\">Google Maps<\/span>\n\t\t\t\t\t<\/span>\n\t\t\t\t\t<\/a>\n\t\t\t\t<\/div>\n\t\t\t\t\t\t\t\t<\/div>\n\t\t\t\t<\/div>\n\t\t\t\t\t<\/div>\n\t\t<\/div>\n\t\t\t\t\t<\/div>\n\t\t<\/section>\n\t\t\t\t<section class=\"elementor-section elementor-top-section elementor-element elementor-element-8313704 elementor-section-boxed elementor-section-gap-beside-yes elementor-section-height-default elementor-section-height-default elementor-section-column-vertical-align-stretch\" data-id=\"8313704\" data-element_type=\"section\">\n\t\t\t\t\t\t<div class=\"elementor-container elementor-column-gap-extended\">\n\t\t\t\t\t<div class=\"elementor-column elementor-col-50 elementor-top-column elementor-element elementor-element-ef49504\" data-id=\"ef49504\" data-element_type=\"column\">\n\t\t\t<div class=\"elementor-widget-wrap elementor-element-populated\">\n\t\t\t\t\t\t<div class=\"elementor-element elementor-element-442ff11 elementor-widget elementor-widget-nuss-image\" data-id=\"442ff11\" data-element_type=\"widget\" data-widget_type=\"nuss-image.default\">\n\t\t\t\t<div class=\"elementor-widget-container\">\n\t\t\t\t\t\t\t\t\t\t<div class=\"elementor-image\">\r\n\t\t\t\t\t\t\t\t\t\t\t\t<img decoding=\"async\" width=\"680\" height=\"382\" src=\"https:\/\/cancamades.com\/wp-content\/uploads\/2022\/12\/Verges-mercat-setmanal-antic.jpg\" class=\"attachment-large size-large wp-image-9516\" alt=\"Colorful outdoor flea market with vintage furniture and street vendors, located near the coast. Perfect for antique shopping and exploring local Esterri Tancat culture.\" srcset=\"https:\/\/cancamades.com\/wp-content\/uploads\/2022\/12\/Verges-mercat-setmanal-antic.jpg 680w, https:\/\/cancamades.com\/wp-content\/uploads\/2022\/12\/Verges-mercat-setmanal-antic-300x169.jpg 300w, https:\/\/cancamades.com\/wp-content\/uploads\/2022\/12\/Verges-mercat-setmanal-antic-600x337.jpg 600w\" sizes=\"(max-width: 680px) 100vw, 680px\" \/>\t\t\t\t\t\t\t\t\t\t\t\t\t\t<\/div>\r\n\t\t\t\t\t\t\t\t<\/div>\n\t\t\t\t<\/div>\n\t\t\t\t\t<\/div>\n\t\t<\/div>\n\t\t\t\t<div class=\"elementor-column elementor-col-50 elementor-top-column elementor-element elementor-element-9d62b57\" data-id=\"9d62b57\" data-element_type=\"column\">\n\t\t\t<div class=\"elementor-widget-wrap elementor-element-populated\">\n\t\t\t\t\t\t<div class=\"elementor-element elementor-element-3944bd9 elementor-widget elementor-widget-nuss-heading\" data-id=\"3944bd9\" data-element_type=\"widget\" data-widget_type=\"nuss-heading.default\">\n\t\t\t\t<div class=\"elementor-widget-container\">\n\t\t\t\t\t\t\t<div class=\"nuss-modern-heading\">\r\n\t\t\t\r\n\t\t\t\t\t\t<div class=\"heading-primary-wrap\">\r\n\t\t\t\t<h2 class=\"heading-primary elementor-heading-title\">Brocante dominicale des Verges<\/h2>\t\t\t<\/div>\r\n\t\t\r\n\t\t\t\r\n\t\t\t\t\t<\/div>\r\n\t\t\t\t\t<\/div>\n\t\t\t\t<\/div>\n\t\t\t\t<div class=\"elementor-element elementor-element-12eb190 nuss-icon-box-style-03 elementor-position-left elementor-vertical-align-middle nuss-view-default elementor-widget elementor-widget-nuss-icon-box\" data-id=\"12eb190\" data-element_type=\"widget\" data-widget_type=\"nuss-icon-box.default\">\n\t\t\t\t<div class=\"elementor-widget-container\">\n\t\t\t\t\t\t\t<div class=\"nuss-icon-box nuss-box\">\r\n\t\t<div class=\"icon-box-wrapper\">\r\n\t\t\t\t\t\t\t<div class=\"nuss-icon-wrap\">\r\n\t\t\t\t\t<div class=\"nuss-icon-view\">\r\n\t\t\t\t\t\t<div class=\"nuss-icon icon nuss-solid-icon\">\r\n\t\t\t\t\t\t\t<i aria-hidden=\"true\" class=\"fal fa-clock\"><\/i>\t\t\t\t\t\t<\/div>\r\n\t\t\t\t\t<\/div>\r\n\t\t\t\t<\/div>\r\n\t\t\t\r\n\t\t\t<div class=\"icon-box-content\">\r\n\t\t\t\t\t\t\t\t<div class=\"heading-wrap\">\r\n\t\t\t\t\t<h3 class=\"heading\">This is the heading<\/h3>\r\n\t\t\t\t\t\t\t\t\t<\/div>\r\n\t\t\t\r\n\t\t\t\t\t\t\t\t<div class=\"description-wrap\">\r\n\t\t\t\t\t<div class=\"description\">\r\n\t\t\t\t\t\tDimanche matin\t\t\t\t\t<\/div>\r\n\t\t\t\t<\/div>\r\n\t\t\r\n\t\t\t\t\t\t\t<\/div>\r\n\t\t<\/div>\r\n\r\n\t\t<\/div>\t\t\t\t\t<\/div>\n\t\t\t\t<\/div>\n\t\t\t\t<div class=\"elementor-element elementor-element-3fe15bb elementor-widget elementor-widget-button\" data-id=\"3fe15bb\" data-element_type=\"widget\" data-widget_type=\"button.default\">\n\t\t\t\t<div class=\"elementor-widget-container\">\n\t\t\t\t\t\t\t\t\t<div class=\"elementor-button-wrapper\">\n\t\t\t\t\t<a class=\"elementor-button elementor-button-link elementor-size-sm\" href=\"https:\/\/goo.gl\/maps\/aCxvJh4aSoDQTowm8\" target=\"_blank\">\n\t\t\t\t\t\t<span class=\"elementor-button-content-wrapper\">\n\t\t\t\t\t\t\t\t\t<span class=\"elementor-button-text\">Google Maps<\/span>\n\t\t\t\t\t<\/span>\n\t\t\t\t\t<\/a>\n\t\t\t\t<\/div>\n\t\t\t\t\t\t\t\t<\/div>\n\t\t\t\t<\/div>\n\t\t\t\t\t<\/div>\n\t\t<\/div>\n\t\t\t\t\t<\/div>\n\t\t<\/section>\n\t\t\t\t<\/div>\n\t\t","protected":false},"excerpt":{"rendered":"<p>March\u00e9 alimentaire de Verges This is the heading Mardi matin Google Maps March\u00e9 de Torroella de Montgr\u00ed This is the heading Lundi matin Google Maps Brocante dominicale des Verges This is the heading Dimanche matin Google Maps<\/p>\n","protected":false},"author":1,"featured_media":0,"parent":0,"menu_order":0,"comment_status":"closed","ping_status":"closed","template":"elementor_header_footer","meta":{"_acf_changed":false,"_seopress_robots_primary_cat":"","_seopress_titles_title":"","_seopress_titles_desc":"","_seopress_robots_index":"","footnotes":""},"class_list":["post-7258","page","type-page","status-publish","hentry","post-no-thumbnail"],"acf":[],"_links":{"self":[{"href":"https:\/\/cancamades.com\/fr\/wp-json\/wp\/v2\/pages\/7258","targetHints":{"allow":["GET"]}}],"collection":[{"href":"https:\/\/cancamades.com\/fr\/wp-json\/wp\/v2\/pages"}],"about":[{"href":"https:\/\/cancamades.com\/fr\/wp-json\/wp\/v2\/types\/page"}],"author":[{"embeddable":true,"href":"https:\/\/cancamades.com\/fr\/wp-json\/wp\/v2\/users\/1"}],"replies":[{"embeddable":true,"href":"https:\/\/cancamades.com\/fr\/wp-json\/wp\/v2\/comments?post=7258"}],"version-history":[{"count":5,"href":"https:\/\/cancamades.com\/fr\/wp-json\/wp\/v2\/pages\/7258\/revisions"}],"predecessor-version":[{"id":10514,"href":"https:\/\/cancamades.com\/fr\/wp-json\/wp\/v2\/pages\/7258\/revisions\/10514"}],"wp:attachment":[{"href":"https:\/\/cancamades.com\/fr\/wp-json\/wp\/v2\/media?parent=7258"}],"curies":[{"name":"wp","href":"https:\/\/api.w.org\/{rel}","templated":true}]}}