{"id":7226,"date":"2022-10-09T01:22:26","date_gmt":"2022-10-09T01:22:26","guid":{"rendered":"https:\/\/cancamades.com\/notre-histoire\/"},"modified":"2025-09-30T17:35:39","modified_gmt":"2025-09-30T17:35:39","slug":"notre-histoire","status":"publish","type":"page","link":"https:\/\/cancamades.com\/fr\/notre-histoire\/","title":{"rendered":"La Ville"},"content":{"rendered":"\t\t<div data-elementor-type=\"wp-page\" data-elementor-id=\"7226\" class=\"elementor elementor-7226 elementor-2104\">\n\t\t\t\t\t\t<section class=\"elementor-section elementor-top-section elementor-element elementor-element-fcc2c5b elementor-section-boxed elementor-section-gap-beside-yes elementor-section-height-default elementor-section-height-default elementor-section-column-vertical-align-stretch\" data-id=\"fcc2c5b\" data-element_type=\"section\">\n\t\t\t\t\t\t<div class=\"elementor-container elementor-column-gap-extended\">\n\t\t\t\t\t<div class=\"elementor-column elementor-col-100 elementor-top-column elementor-element elementor-element-2f7d653\" data-id=\"2f7d653\" data-element_type=\"column\">\n\t\t\t<div class=\"elementor-widget-wrap elementor-element-populated\">\n\t\t\t\t\t\t<section class=\"elementor-section elementor-inner-section elementor-element elementor-element-6f6d8ba elementor-section-boxed elementor-section-gap-beside-yes elementor-section-height-default elementor-section-height-default elementor-section-column-vertical-align-stretch\" data-id=\"6f6d8ba\" data-element_type=\"section\">\n\t\t\t\t\t\t<div class=\"elementor-container elementor-column-gap-extended\">\n\t\t\t\t\t<div class=\"elementor-column elementor-col-50 elementor-inner-column elementor-element elementor-element-0878be6\" data-id=\"0878be6\" data-element_type=\"column\">\n\t\t\t<div class=\"elementor-widget-wrap elementor-element-populated\">\n\t\t\t\t\t\t<div class=\"elementor-element elementor-element-42014f7 elementor-invisible elementor-widget elementor-widget-heading\" data-id=\"42014f7\" data-element_type=\"widget\" data-settings=\"{&quot;_animation&quot;:&quot;nussFadeInUp&quot;}\" data-widget_type=\"heading.default\">\n\t\t\t\t<div class=\"elementor-widget-container\">\n\t\t\t\t\t<h3 class=\"elementor-heading-title elementor-size-default\">La Ville<\/h3>\t\t\t\t<\/div>\n\t\t\t\t<\/div>\n\t\t\t\t<div class=\"elementor-element elementor-element-2ba7908 elementor-invisible elementor-widget elementor-widget-text-editor\" data-id=\"2ba7908\" data-element_type=\"widget\" data-settings=\"{&quot;_animation&quot;:&quot;nussFadeInUp&quot;}\" data-widget_type=\"text-editor.default\">\n\t\t\t\t<div class=\"elementor-widget-container\">\n\t\t\t\t\t\t\t\t\t<p>La Tallada d&#8217;Empord\u00e0, situ\u00e9e \u00e0 la fronti\u00e8re entre les montagnes et les plaines d&#8217;irrigation, semble avoir son origine dans l&#8217;ancien ch\u00e2teau situ\u00e9 au c\u0153ur du centre historique, dont d&#8217;importantes \u00e9cluses murales et la plupart des tours de d\u00e9fense de la compos\u00e9. Autour d&#8217;eux, la ville s&#8217;est d\u00e9velopp\u00e9e peu \u00e0 peu jusqu&#8217;\u00e0 atteindre sa configuration actuelle il y a quelques ann\u00e9es.<\/p>\n<p>Maintenant, les murs et les tours sont rest\u00e9s int\u00e9gr\u00e9s dans les maisons priv\u00e9es, qui ont \u00e9t\u00e9 attach\u00e9es aux murs dans la partie int\u00e9rieure de l&#8217;enceinte primitive. Certaines maisons ont des linteaux de porte avec des inscriptions des XVIIe et XVIIIe si\u00e8cles, une pratique courante dans de nombreuses villes de la r\u00e9gion.<\/p>\n<p>Outre l&#8217;enceinte fortifi\u00e9e, le b\u00e2timent le plus remarquable du centre est l&#8217;\u00e9glise de Santa Maria, qui \u00e9tait \u00e0 l&#8217;origine la chapelle du ch\u00e2teau. Il s&#8217;agit d&#8217;une \u00e9glise romane des XIIe-XIIIe si\u00e8cles (elle para\u00eet cit\u00e9e dans les ann\u00e9es 1279 et 1280), \u00e0 nef unique et abside semi-circulaire. Au-dessus de l&#8217;abside, il y a une fortification plus moderne, une tour semblable \u00e0 celles que l&#8217;on trouve habituellement dans de nombreuses \u00e9glises de l&#8217;Empord\u00e0.<\/p>\n\t\t\t\t\t\t\t\t<\/div>\n\t\t\t\t<\/div>\n\t\t\t\t\t<\/div>\n\t\t<\/div>\n\t\t\t\t<div class=\"elementor-column elementor-col-50 elementor-inner-column elementor-element elementor-element-6f3f021\" data-id=\"6f3f021\" data-element_type=\"column\">\n\t\t\t<div class=\"elementor-widget-wrap elementor-element-populated\">\n\t\t\t\t\t\t<div class=\"elementor-element elementor-element-63d8463 elementor-invisible nuss-elementor-loading nuss-slide-in-left elementor-widget elementor-widget-image\" data-id=\"63d8463\" data-element_type=\"widget\" data-settings=\"{&quot;_animation&quot;:&quot;nussSlideInLeft&quot;}\" data-widget_type=\"image.default\">\n\t\t\t\t<div class=\"elementor-widget-container\">\n\t\t\t\t\t\t\t\t\t\t\t\t\t\t\t<img alt=\"\" fetchpriority=\"high\" decoding=\"async\" width=\"1200\" height=\"1149\" src=\"https:\/\/cancamades.com\/wp-content\/uploads\/2022\/12\/Church-la-Tallada.jpg\" class=\"attachment-full size-full wp-image-9543\" alt=\"\" srcset=\"https:\/\/cancamades.com\/wp-content\/uploads\/2022\/12\/Church-la-Tallada.jpg 1200w, https:\/\/cancamades.com\/wp-content\/uploads\/2022\/12\/Church-la-Tallada-300x287.jpg 300w, https:\/\/cancamades.com\/wp-content\/uploads\/2022\/12\/Church-la-Tallada-1024x980.jpg 1024w, https:\/\/cancamades.com\/wp-content\/uploads\/2022\/12\/Church-la-Tallada-768x735.jpg 768w, https:\/\/cancamades.com\/wp-content\/uploads\/2022\/12\/Church-la-Tallada-600x575.jpg 600w\" sizes=\"(max-width: 1200px) 100vw, 1200px\" \/>\t\t\t\t\t\t\t\t\t\t\t\t\t\t\t<\/div>\n\t\t\t\t<\/div>\n\t\t\t\t\t<\/div>\n\t\t<\/div>\n\t\t\t\t\t<\/div>\n\t\t<\/section>\n\t\t\t\t<section class=\"elementor-section elementor-inner-section elementor-element elementor-element-c127b44 elementor-section-boxed elementor-section-gap-beside-yes elementor-section-height-default elementor-section-height-default elementor-section-column-vertical-align-stretch\" data-id=\"c127b44\" data-element_type=\"section\">\n\t\t\t\t\t\t<div class=\"elementor-container elementor-column-gap-extended\">\n\t\t\t\t\t<div class=\"elementor-column elementor-col-50 elementor-inner-column elementor-element elementor-element-e050279\" data-id=\"e050279\" data-element_type=\"column\">\n\t\t\t<div class=\"elementor-widget-wrap elementor-element-populated\">\n\t\t\t\t\t\t<div class=\"elementor-element elementor-element-e3ece18 elementor-invisible elementor-widget elementor-widget-nuss-heading\" data-id=\"e3ece18\" data-element_type=\"widget\" data-settings=\"{&quot;_animation&quot;:&quot;nussFadeInUp&quot;}\" data-widget_type=\"nuss-heading.default\">\n\t\t\t\t<div class=\"elementor-widget-container\">\n\t\t\t\t\t\t\t<div class=\"nuss-modern-heading\">\r\n\t\t\t\r\n\t\t\t\t\t\t<div class=\"heading-primary-wrap\">\r\n\t\t\t\t<h4 class=\"heading-primary elementor-heading-title\">Choses \u00e0 faire<\/h4>\t\t\t<\/div>\r\n\t\t\r\n\t\t\t\t\t\t<div class=\"heading-divider-wrap\">\r\n\t\t\t\t<div class=\"heading-divider\" style=\"left: 0px;top: 6px\"><\/div>\r\n\t\t\t<\/div>\r\n\t\r\n\t\t\t\t\t<\/div>\r\n\t\t\t\t\t<\/div>\n\t\t\t\t<\/div>\n\t\t\t\t<div class=\"elementor-element elementor-element-818ffa2 elementor-invisible elementor-widget elementor-widget-text-editor\" data-id=\"818ffa2\" data-element_type=\"widget\" data-settings=\"{&quot;_animation&quot;:&quot;nussFadeInUp&quot;}\" data-widget_type=\"text-editor.default\">\n\t\t\t\t<div class=\"elementor-widget-container\">\n\t\t\t\t\t\t\t\t\tD\u00e9couvrez quelques lieux utiles \u00e0 visiter pour rendre votre s\u00e9jour inoubliable:\t\t\t\t\t\t\t\t<\/div>\n\t\t\t\t<\/div>\n\t\t\t\t<div class=\"elementor-element elementor-element-34a13bf elementor-widget elementor-widget-button\" data-id=\"34a13bf\" data-element_type=\"widget\" data-widget_type=\"button.default\">\n\t\t\t\t<div class=\"elementor-widget-container\">\n\t\t\t\t\t\t\t\t\t<div class=\"elementor-button-wrapper\">\n\t\t\t\t\t<a class=\"elementor-button elementor-button-link elementor-size-sm\" href=\"https:\/\/cancamades.com\/beaches\/\">\n\t\t\t\t\t\t<span class=\"elementor-button-content-wrapper\">\n\t\t\t\t\t\t\t\t\t<span class=\"elementor-button-text\">Des plages<\/span>\n\t\t\t\t\t<\/span>\n\t\t\t\t\t<\/a>\n\t\t\t\t<\/div>\n\t\t\t\t\t\t\t\t<\/div>\n\t\t\t\t<\/div>\n\t\t\t\t<div class=\"elementor-element elementor-element-a8b526c elementor-widget elementor-widget-button\" data-id=\"a8b526c\" data-element_type=\"widget\" data-widget_type=\"button.default\">\n\t\t\t\t<div class=\"elementor-widget-container\">\n\t\t\t\t\t\t\t\t\t<div class=\"elementor-button-wrapper\">\n\t\t\t\t\t<a class=\"elementor-button elementor-button-link elementor-size-sm\" href=\"https:\/\/cancamades.com\/bars\/\">\n\t\t\t\t\t\t<span class=\"elementor-button-content-wrapper\">\n\t\t\t\t\t\t\t\t\t<span class=\"elementor-button-text\">Endroits pour boire un verre<\/span>\n\t\t\t\t\t<\/span>\n\t\t\t\t\t<\/a>\n\t\t\t\t<\/div>\n\t\t\t\t\t\t\t\t<\/div>\n\t\t\t\t<\/div>\n\t\t\t\t<div class=\"elementor-element elementor-element-616b9c6 elementor-widget elementor-widget-button\" data-id=\"616b9c6\" data-element_type=\"widget\" data-widget_type=\"button.default\">\n\t\t\t\t<div class=\"elementor-widget-container\">\n\t\t\t\t\t\t\t\t\t<div class=\"elementor-button-wrapper\">\n\t\t\t\t\t<a class=\"elementor-button elementor-button-link elementor-size-sm\" href=\"https:\/\/cancamades.com\/restaurants\/\">\n\t\t\t\t\t\t<span class=\"elementor-button-content-wrapper\">\n\t\t\t\t\t\t\t\t\t<span class=\"elementor-button-text\">Restaurants<\/span>\n\t\t\t\t\t<\/span>\n\t\t\t\t\t<\/a>\n\t\t\t\t<\/div>\n\t\t\t\t\t\t\t\t<\/div>\n\t\t\t\t<\/div>\n\t\t\t\t<div class=\"elementor-element elementor-element-1dcec86 elementor-widget elementor-widget-button\" data-id=\"1dcec86\" data-element_type=\"widget\" data-widget_type=\"button.default\">\n\t\t\t\t<div class=\"elementor-widget-container\">\n\t\t\t\t\t\t\t\t\t<div class=\"elementor-button-wrapper\">\n\t\t\t\t\t<a class=\"elementor-button elementor-button-link elementor-size-sm\" href=\"https:\/\/cancamades.com\/supermarkets\/\">\n\t\t\t\t\t\t<span class=\"elementor-button-content-wrapper\">\n\t\t\t\t\t\t\t\t\t<span class=\"elementor-button-text\">Supermarch\u00e9s<\/span>\n\t\t\t\t\t<\/span>\n\t\t\t\t\t<\/a>\n\t\t\t\t<\/div>\n\t\t\t\t\t\t\t\t<\/div>\n\t\t\t\t<\/div>\n\t\t\t\t<div class=\"elementor-element elementor-element-b9a611f elementor-widget elementor-widget-button\" data-id=\"b9a611f\" data-element_type=\"widget\" data-widget_type=\"button.default\">\n\t\t\t\t<div class=\"elementor-widget-container\">\n\t\t\t\t\t\t\t\t\t<div class=\"elementor-button-wrapper\">\n\t\t\t\t\t<a class=\"elementor-button elementor-button-link elementor-size-sm\" href=\"https:\/\/cancamades.com\/markets\/\">\n\t\t\t\t\t\t<span class=\"elementor-button-content-wrapper\">\n\t\t\t\t\t\t\t\t\t<span class=\"elementor-button-text\">March\u00e9s ouverts hebdomadaires<\/span>\n\t\t\t\t\t<\/span>\n\t\t\t\t\t<\/a>\n\t\t\t\t<\/div>\n\t\t\t\t\t\t\t\t<\/div>\n\t\t\t\t<\/div>\n\t\t\t\t\t<\/div>\n\t\t<\/div>\n\t\t\t\t<div class=\"elementor-column elementor-col-50 elementor-inner-column elementor-element elementor-element-6cab6d3\" data-id=\"6cab6d3\" data-element_type=\"column\">\n\t\t\t<div class=\"elementor-widget-wrap elementor-element-populated\">\n\t\t\t\t\t\t<div class=\"elementor-element elementor-element-dfe4128 bullets-v-align-bottom elementor-invisible nuss-elementor-loading nuss-slide-in-left elementor-widget elementor-widget-nuss-image-carousel\" data-id=\"dfe4128\" data-element_type=\"widget\" data-settings=\"{&quot;_animation&quot;:&quot;nussSlideInLeft&quot;}\" data-widget_type=\"nuss-image-carousel.default\">\n\t\t\t\t<div class=\"elementor-widget-container\">\n\t\t\t\t\t\r\n\t\t<div  class=\"nuss-swiper nuss-slider-widget pagination-style-01 bullets-horizontal bullets-h-align-center bullets-v-align-bottom\" data-lg-items=\"1\" data-lg-gutter=\"30\" data-pagination-aligned-by=\"slider\" data-pagination=\"1\" data-loop=\"1\" data-simulate-touch=\"1\" data-speed=\"1000\" data-effect=\"slide\">\r\n\t\t\t<div class=\"swiper-inner\">\r\n\r\n\t\t\t\t\r\n\t\t\t\t<div class=\"swiper-container swiper\">\r\n\t\t\t\t\t<div class=\"swiper-wrapper\">\r\n\t\t\t\t\t\t\t\t\t<div class=\"swiper-slide\">\r\n\t\t\t\t<div class=\"image\">\r\n\t\t\t\t\t<img decoding=\"async\"  src=\"https:\/\/cancamades.com\/wp-content\/uploads\/2022\/12\/826574e8-5928-4ac3-a139-9cc5e31fbd41.jpg\" alt=\"Serene beach scene with clear blue sky, calm ocean water, sandy shoreline, and green trees, showcasing the natural beauty of Can Camades coastal area. Perfect for relaxing or exploring nature.\" \/>\t\t\t\t<\/div>\r\n\t\t\t<\/div>\r\n\t\t\t\t\t\t<div class=\"swiper-slide\">\r\n\t\t\t\t<div class=\"image\">\r\n\t\t\t\t\t<img decoding=\"async\"  src=\"https:\/\/cancamades.com\/wp-content\/uploads\/2022\/12\/Mercat-Verges.jpg\" alt=\"Colorful flower market stand with potted plants and vibrant blooms set against historic stone buildings in a European town.\" \/>\t\t\t\t<\/div>\r\n\t\t\t<\/div>\r\n\t\t\t\t\t\t<div class=\"swiper-slide\">\r\n\t\t\t\t<div class=\"image\">\r\n\t\t\t\t\t<img decoding=\"async\"  src=\"https:\/\/cancamades.com\/wp-content\/uploads\/2022\/12\/l-escola-La-pera.jpg\" alt=\"Old stone building with outdoor cafe seating, umbrellas, and pedestrians in a historic European town square.\" \/>\t\t\t\t<\/div>\r\n\t\t\t<\/div>\r\n\t\t\t\t\t\t\t\t<\/div>\r\n\t\t\t\t<\/div>\r\n\r\n\t\t\t\t\r\n\t\t\t<\/div>\r\n\t\t<\/div>\r\n\t\t\t\t\t\t<\/div>\n\t\t\t\t<\/div>\n\t\t\t\t\t<\/div>\n\t\t<\/div>\n\t\t\t\t\t<\/div>\n\t\t<\/section>\n\t\t\t\t\t<\/div>\n\t\t<\/div>\n\t\t\t\t\t<\/div>\n\t\t<\/section>\n\t\t\t\t<\/div>\n\t\t","protected":false},"excerpt":{"rendered":"<p>La Ville La Tallada d&#8217;Empord\u00e0, situ\u00e9e \u00e0 la fronti\u00e8re entre les montagnes et les plaines d&#8217;irrigation, semble avoir son origine dans l&#8217;ancien ch\u00e2teau situ\u00e9 au c\u0153ur du centre historique, dont d&#8217;importantes \u00e9cluses murales et la plupart des tours de d\u00e9fense de la compos\u00e9. Autour d&#8217;eux, la ville s&#8217;est d\u00e9velopp\u00e9e peu \u00e0 peu jusqu&#8217;\u00e0 atteindre sa [&hellip;]<\/p>\n","protected":false},"author":1,"featured_media":0,"parent":0,"menu_order":0,"comment_status":"closed","ping_status":"closed","template":"elementor_header_footer","meta":{"_acf_changed":false,"_seopress_robots_primary_cat":"","_seopress_titles_title":"La Tallada d'Empord\u00e0 : Village M\u00e9di\u00e9val sur la Costa Brava | Can Camades","_seopress_titles_desc":"D\u00e9couvrez La Tallada d'Empord\u00e0. Guide sur l'histoire, le ch\u00e2teau et les incontournables du village m\u00e9di\u00e9val o\u00f9 votre location est situ\u00e9e.","_seopress_robots_index":"","footnotes":""},"class_list":["post-7226","page","type-page","status-publish","hentry","post-no-thumbnail"],"acf":[],"_links":{"self":[{"href":"https:\/\/cancamades.com\/fr\/wp-json\/wp\/v2\/pages\/7226","targetHints":{"allow":["GET"]}}],"collection":[{"href":"https:\/\/cancamades.com\/fr\/wp-json\/wp\/v2\/pages"}],"about":[{"href":"https:\/\/cancamades.com\/fr\/wp-json\/wp\/v2\/types\/page"}],"author":[{"embeddable":true,"href":"https:\/\/cancamades.com\/fr\/wp-json\/wp\/v2\/users\/1"}],"replies":[{"embeddable":true,"href":"https:\/\/cancamades.com\/fr\/wp-json\/wp\/v2\/comments?post=7226"}],"version-history":[{"count":5,"href":"https:\/\/cancamades.com\/fr\/wp-json\/wp\/v2\/pages\/7226\/revisions"}],"predecessor-version":[{"id":10497,"href":"https:\/\/cancamades.com\/fr\/wp-json\/wp\/v2\/pages\/7226\/revisions\/10497"}],"wp:attachment":[{"href":"https:\/\/cancamades.com\/fr\/wp-json\/wp\/v2\/media?parent=7226"}],"curies":[{"name":"wp","href":"https:\/\/api.w.org\/{rel}","templated":true}]}}