{"id":8624,"date":"2022-10-24T21:42:28","date_gmt":"2022-10-24T21:42:28","guid":{"rendered":"https:\/\/cancamades.com\/politica-de-privacidad-2\/"},"modified":"2023-04-12T15:49:58","modified_gmt":"2023-04-12T15:49:58","slug":"politica-de-privacidad-2","status":"publish","type":"page","link":"https:\/\/cancamades.com\/es\/politica-de-privacidad-2\/","title":{"rendered":"Pol\u00edtica de cancelaci\u00f3n y privacidad"},"content":{"rendered":"\t\t<div data-elementor-type=\"wp-page\" data-elementor-id=\"8624\" class=\"elementor elementor-8624 elementor-3\">\n\t\t\t\t\t\t<section class=\"elementor-section elementor-top-section elementor-element elementor-element-37558984 elementor-section-boxed elementor-section-gap-beside-yes elementor-section-height-default elementor-section-height-default elementor-section-column-vertical-align-stretch\" data-id=\"37558984\" data-element_type=\"section\">\n\t\t\t\t\t\t<div class=\"elementor-container elementor-column-gap-extended\">\n\t\t\t\t\t<div class=\"elementor-column elementor-col-100 elementor-top-column elementor-element elementor-element-1e447594\" data-id=\"1e447594\" data-element_type=\"column\">\n\t\t\t<div class=\"elementor-widget-wrap elementor-element-populated\">\n\t\t\t\t\t\t<div class=\"elementor-element elementor-element-5f84a9c3 elementor-widget elementor-widget-text-editor\" data-id=\"5f84a9c3\" data-element_type=\"widget\" data-widget_type=\"text-editor.default\">\n\t\t\t\t<div class=\"elementor-widget-container\">\n\t\t\t\t\t\t\t\t\t<h2><em>Pol\u00edtica de cancelaci\u00f3n<\/em><\/h2>\r\nReembolso completo para las cancelaciones que se realicen hasta 30\u00a0d\u00edas antes de la llegada. Si reservas cuando falten menos de 30\u00a0d\u00edas para la llegada, recibir\u00e1s un reembolso completo siempre que canceles en las 48\u00a0horas posteriores a la reserva y al menos 14\u00a0d\u00edas antes del inicio de la estancia. Pasado ese plazo, obtendr\u00e1s un reembolso del 50\u00a0% si cancelas hasta 7\u00a0d\u00edas antes de la llegada. Si cancelas cuando quede menos tiempo, no recibir\u00e1s ning\u00fan reembolso.\r\n\r\nAl aceptar los T\u00e9rminos de Servicio y publicar tu espacio, te comprometes a cumplir la legislaci\u00f3n y normativa aplicables.\r\n<h2><em>Protecci\u00f3n de datos personales<\/em><\/h2>\r\nEn virtud de la normativa sobre la Protecci\u00f3n de Datos de car\u00e1cter personal, le hacemos conocedor de que sus datos personales, que puedan estar en esta comunicaci\u00f3n, son incorporados en un fichero denominado \u201cContactos\u201d responsabilidad de la mercantil CAN CAMADES , SL, CIF B-72749542. La finalidad de este fichero es gestionar la relaci\u00f3n negocial e informarle de nuestros servicios. Estos datos no ser\u00e1n transmitidos a terceras personas.\r\n\r\nAsimismo, para acceder a algunos de los servicios que CAN CAMADES SL ofrece a trav\u00e9s del website deber\u00e1 proporcionar algunos datos de car\u00e1cter personal. En cumplimiento de lo establecido en la LO 15\/1999, de 13 de diciembre, de Protecci\u00f3n de Datos de Car\u00e1cter Personal le informamos que, mediante la complementaci\u00f3n del formulario, sus datos personales quedar\u00e1n incorporados y ser\u00e1n tratados en los ficheros de CAN CAMADES SL con el fin de poderle prestar y ofrecer nuestros servicios, as\u00ed como para informarle de las mejoras del sitio Web.\r\n\r\nSi desea ejercitar sus derechos de acceso, rectificaci\u00f3n o supresi\u00f3n, la limitaci\u00f3n del tratamiento u oponerse, as\u00ed como el derecho a la portabilidad de los datos, puede dirigirse a Pla\u00e7a del Castell, 9 17134 La Tallada d&#8217;Empord\u00e0 o bien, enviar un correo electr\u00f3nico a <a href=\"mailto:info@cancamades.com\">info@cancamades.com<\/a>.\r\n<h2><em>Propiedad industrial e intelectual<\/em><\/h2>\r\nEsta web es propiedad de CAN CAMADES, SL. Los derechos de Propiedad Intelectual y derechos de explotaci\u00f3n y reproducci\u00f3n de esta web, de sus p\u00e1ginas, pantallas, la informaci\u00f3n que contienen, su apariencia y dise\u00f1o, as\u00ed como los v\u00ednculos (\u201chiperlinks\u201d) que se establezcan desde de ella a otras p\u00e1ginas web de cualquier sociedad filial y\/o dominada de CAN CAMADES, SL, son propiedad exclusiva de \u00e9sta, a menos que expresamente se especifique otra cosa.\r\n\r\nCualquier denominaci\u00f3n, dise\u00f1o y\/o logotipo, as\u00ed como cualquier producto o servicio ofrecido y reflejado en esta p\u00e1gina web, son marcas debidamente registradas por CAN CAMADES, SL, por sus sociedades filiales y\/o dominadas o por terceros.\r\n\r\nCualquier uso indebido de las mismas por personas distintas de su leg\u00edtimo titular y sin el consentimiento expreso e inequ\u00edvoco por parte del mismo podr\u00e1 ser denunciado y perseguido a trav\u00e9s de todos los medios legales existentes en el Ordenamiento Jur\u00eddico espa\u00f1ol y\/o comunitario.\r\n\r\nLos derechos de propiedad intelectual y marcas de terceros est\u00e1n destacados convenientemente y deben ser respetados por todo aquel que acceda a esta p\u00e1gina, no sean responsabilidad de CAN CAMADES, SL el uso que el usuario pueda llevar a cabo al respecto, teniendo la responsabilidad exclusiva en su persona.\r\n\r\nS\u00f3lo por un uso personal y privado se permite descargar los contenidos, copiar o imprimir cualquier p\u00e1gina de esta web. Queda prohibido reproducir, transmitir, modificar o suprimir la informaci\u00f3n, contenido o advertencias de esta web sin su previa autorizaci\u00f3n por escrita de CAN CAMADES, SL.\r\n\r\nCAN CAMADES, SL no transfiere a los usuarios la propiedad del software. El usuario es el propietario del soporte en el que el software es grabado. CAN CAMADES, SL posee todos los derechos de propiedad industrial e intelectual, incluyendo el software. Si el usuario transfiere el software de este sitio web a su terminal, no podr\u00e1 diseccionar para su estudio y descompilarlo, traducir la versi\u00f3n del c\u00f3digo objeto original o el lenguaje a otro c\u00f3digo o lenguaje.\r\n<h2><em>Ley aplicable y jurisdicci\u00f3n<\/em><\/h2>\r\nLas presentes condiciones generales se rigen por la Legislaci\u00f3n espa\u00f1ola, sean competentes los Juzgados y Tribunales espa\u00f1oles para conocer de cuantas cuestiones se susciten sobre la interpretaci\u00f3n, aplicaci\u00f3n y cumplimiento de las mismas. El USUARIO, por virtud de su aceptaci\u00f3n a las condiciones generales recogidas en este aviso legal, renuncia expresamente a cualquier fuero que, por aplicaci\u00f3n de la Ley de Enjuiciamiento Civil vigente pudiera corresponderle.\r\n<h2>Cookies<\/h2>\r\nSi deja un comentario en nuestro sitio, puede optar por guardar su nombre, direcci\u00f3n de correo electr\u00f3nico y sitio web en cookies. Estos son para su comodidad, para que no tenga que volver a rellenar sus datos cuando deje otro comentario. Estas cookies tendr\u00e1n una duraci\u00f3n de un a\u00f1o.\r\n\r\nSi visita nuestra p\u00e1gina de inicio de sesi\u00f3n, estableceremos una cookie temporal para determinar si su navegador acepta cookies. Esta cookie no contiene datos personales y se descarta cuando cierra su navegador.\r\n\r\nCuando inicie sesi\u00f3n, tambi\u00e9n configuraremos varias cookies para guardar su informaci\u00f3n de inicio de sesi\u00f3n y sus opciones de visualizaci\u00f3n de pantalla. Las cookies de inicio de sesi\u00f3n duran dos d\u00edas y las cookies de opciones de pantalla duran un a\u00f1o. Si selecciona &#8220;Recordarme&#8221;, su inicio de sesi\u00f3n persistir\u00e1 durante dos semanas. Si cierra sesi\u00f3n en su cuenta, se eliminar\u00e1n las cookies de inicio de sesi\u00f3n.\r\n\r\nSi edita o publica un art\u00edculo, se guardar\u00e1 una cookie adicional en su navegador. Esta cookie no incluye datos personales y simplemente indica el ID de publicaci\u00f3n del art\u00edculo que acaba de editar. Caduca despu\u00e9s de 1 d\u00eda.\t\t\t\t\t\t\t\t<\/div>\n\t\t\t\t<\/div>\n\t\t\t\t\t<\/div>\n\t\t<\/div>\n\t\t\t\t\t<\/div>\n\t\t<\/section>\n\t\t\t\t<\/div>\n\t\t","protected":false},"excerpt":{"rendered":"<p>Pol\u00edtica de cancelaci\u00f3n Reembolso completo para las cancelaciones que se realicen hasta 30\u00a0d\u00edas antes de la llegada. Si reservas cuando falten menos de 30\u00a0d\u00edas para la llegada, recibir\u00e1s un reembolso completo siempre que canceles en las 48\u00a0horas posteriores a la reserva y al menos 14\u00a0d\u00edas antes del inicio de la estancia. Pasado ese plazo, obtendr\u00e1s [&hellip;]<\/p>\n","protected":false},"author":1,"featured_media":0,"parent":0,"menu_order":0,"comment_status":"closed","ping_status":"open","template":"","meta":{"_acf_changed":false,"_seopress_robots_primary_cat":"0","_seopress_titles_title":"","_seopress_titles_desc":"","_seopress_robots_index":"","footnotes":""},"class_list":["post-8624","page","type-page","status-publish","hentry","post-no-thumbnail"],"acf":[],"_links":{"self":[{"href":"https:\/\/cancamades.com\/es\/wp-json\/wp\/v2\/pages\/8624","targetHints":{"allow":["GET"]}}],"collection":[{"href":"https:\/\/cancamades.com\/es\/wp-json\/wp\/v2\/pages"}],"about":[{"href":"https:\/\/cancamades.com\/es\/wp-json\/wp\/v2\/types\/page"}],"author":[{"embeddable":true,"href":"https:\/\/cancamades.com\/es\/wp-json\/wp\/v2\/users\/1"}],"replies":[{"embeddable":true,"href":"https:\/\/cancamades.com\/es\/wp-json\/wp\/v2\/comments?post=8624"}],"version-history":[{"count":11,"href":"https:\/\/cancamades.com\/es\/wp-json\/wp\/v2\/pages\/8624\/revisions"}],"predecessor-version":[{"id":10086,"href":"https:\/\/cancamades.com\/es\/wp-json\/wp\/v2\/pages\/8624\/revisions\/10086"}],"wp:attachment":[{"href":"https:\/\/cancamades.com\/es\/wp-json\/wp\/v2\/media?parent=8624"}],"curies":[{"name":"wp","href":"https:\/\/api.w.org\/{rel}","templated":true}]}}