{"id":7304,"date":"2022-10-09T01:22:39","date_gmt":"2022-10-09T01:22:39","guid":{"rendered":"https:\/\/cancamades.com\/lista-de-blogs\/"},"modified":"2022-10-09T01:22:39","modified_gmt":"2022-10-09T01:22:39","slug":"lista-de-blogs","status":"publish","type":"page","link":"https:\/\/cancamades.com\/es\/lista-de-blogs\/","title":{"rendered":"Lista de blogs"},"content":{"rendered":"\t\t<div data-elementor-type=\"wp-page\" data-elementor-id=\"7304\" class=\"elementor elementor-7304 elementor-4269\">\n\t\t\t\t\t\t<section class=\"elementor-section elementor-top-section elementor-element elementor-element-1eec27a elementor-section-boxed elementor-section-height-default elementor-section-height-default elementor-section-column-vertical-align-stretch\" data-id=\"1eec27a\" data-element_type=\"section\">\n\t\t\t\t\t\t<div class=\"elementor-container elementor-column-gap-no\">\n\t\t\t\t\t<div class=\"elementor-column elementor-col-100 elementor-top-column elementor-element elementor-element-e07717d\" data-id=\"e07717d\" data-element_type=\"column\">\n\t\t\t<div class=\"elementor-widget-wrap elementor-element-populated\">\n\t\t\t\t\t\t<div class=\"elementor-element elementor-element-e1cf1e3 nuss-animation-zoom-in elementor-widget elementor-widget-nuss-blog\" data-id=\"e1cf1e3\" data-element_type=\"widget\" data-widget_type=\"nuss-blog.default\">\n\t\t\t\t<div class=\"elementor-widget-container\">\n\t\t\t\t\t\r\n\t\t<div class=\"nuss-grid-wrapper\">\r\n\t\t\t\t\t<\/div>\r\n\t\t\t\t<\/div>\n\t\t\t\t<\/div>\n\t\t\t\t\t<\/div>\n\t\t<\/div>\n\t\t\t\t\t<\/div>\n\t\t<\/section>\n\t\t\t\t<\/div>\n\t\t","protected":false},"excerpt":{"rendered":"<p>Todo Noticias (8)Oferta (4) Oferta 2 de junio de 2021 (0) Pr\u00f3ximo artista residente del Hotel June Es un hecho establecido desde hace tiempo que un lector se distraer\u00e1 con la lectura&#8230; Leer m\u00e1s Oferta 2 de junio de 2021 (0) Cottonwood Cove establecido Resort &amp; Marina Es un hecho establecido desde hace tiempo que [&hellip;]<\/p>\n","protected":false},"author":1,"featured_media":0,"parent":0,"menu_order":0,"comment_status":"closed","ping_status":"closed","template":"","meta":{"_acf_changed":false,"_seopress_robots_primary_cat":"0","_seopress_titles_title":"","_seopress_titles_desc":"","_seopress_robots_index":"","footnotes":""},"class_list":["post-7304","page","type-page","status-publish","hentry","post-no-thumbnail"],"acf":[],"_links":{"self":[{"href":"https:\/\/cancamades.com\/es\/wp-json\/wp\/v2\/pages\/7304","targetHints":{"allow":["GET"]}}],"collection":[{"href":"https:\/\/cancamades.com\/es\/wp-json\/wp\/v2\/pages"}],"about":[{"href":"https:\/\/cancamades.com\/es\/wp-json\/wp\/v2\/types\/page"}],"author":[{"embeddable":true,"href":"https:\/\/cancamades.com\/es\/wp-json\/wp\/v2\/users\/1"}],"replies":[{"embeddable":true,"href":"https:\/\/cancamades.com\/es\/wp-json\/wp\/v2\/comments?post=7304"}],"version-history":[{"count":1,"href":"https:\/\/cancamades.com\/es\/wp-json\/wp\/v2\/pages\/7304\/revisions"}],"predecessor-version":[{"id":7305,"href":"https:\/\/cancamades.com\/es\/wp-json\/wp\/v2\/pages\/7304\/revisions\/7305"}],"wp:attachment":[{"href":"https:\/\/cancamades.com\/es\/wp-json\/wp\/v2\/media?parent=7304"}],"curies":[{"name":"wp","href":"https:\/\/api.w.org\/{rel}","templated":true}]}}