{"id":7229,"date":"2022-10-09T01:22:26","date_gmt":"2022-10-09T01:22:26","guid":{"rendered":"https:\/\/cancamades.com\/nuestra-historia\/"},"modified":"2025-10-01T09:55:41","modified_gmt":"2025-10-01T09:55:41","slug":"nuestra-historia","status":"publish","type":"page","link":"https:\/\/cancamades.com\/es\/nuestra-historia\/","title":{"rendered":"El pueblo"},"content":{"rendered":"\t\t<div data-elementor-type=\"wp-page\" data-elementor-id=\"7229\" class=\"elementor elementor-7229 elementor-2104\">\n\t\t\t\t\t\t<section class=\"elementor-section elementor-top-section elementor-element elementor-element-fcc2c5b elementor-section-boxed elementor-section-gap-beside-yes elementor-section-height-default elementor-section-height-default elementor-section-column-vertical-align-stretch\" data-id=\"fcc2c5b\" data-element_type=\"section\">\n\t\t\t\t\t\t<div class=\"elementor-container elementor-column-gap-extended\">\n\t\t\t\t\t<div class=\"elementor-column elementor-col-100 elementor-top-column elementor-element elementor-element-2f7d653\" data-id=\"2f7d653\" data-element_type=\"column\">\n\t\t\t<div class=\"elementor-widget-wrap elementor-element-populated\">\n\t\t\t\t\t\t<section class=\"elementor-section elementor-inner-section elementor-element elementor-element-6f6d8ba elementor-section-boxed elementor-section-gap-beside-yes elementor-section-height-default elementor-section-height-default elementor-section-column-vertical-align-stretch\" data-id=\"6f6d8ba\" data-element_type=\"section\">\n\t\t\t\t\t\t<div class=\"elementor-container elementor-column-gap-extended\">\n\t\t\t\t\t<div class=\"elementor-column elementor-col-50 elementor-inner-column elementor-element elementor-element-0878be6\" data-id=\"0878be6\" data-element_type=\"column\">\n\t\t\t<div class=\"elementor-widget-wrap elementor-element-populated\">\n\t\t\t\t\t\t<div class=\"elementor-element elementor-element-42014f7 elementor-invisible elementor-widget elementor-widget-heading\" data-id=\"42014f7\" data-element_type=\"widget\" data-settings=\"{&quot;_animation&quot;:&quot;nussFadeInUp&quot;}\" data-widget_type=\"heading.default\">\n\t\t\t\t<div class=\"elementor-widget-container\">\n\t\t\t\t\t<h3 class=\"elementor-heading-title elementor-size-default\">El Pueblo<\/h3>\t\t\t\t<\/div>\n\t\t\t\t<\/div>\n\t\t\t\t<div class=\"elementor-element elementor-element-2ba7908 elementor-invisible elementor-widget elementor-widget-text-editor\" data-id=\"2ba7908\" data-element_type=\"widget\" data-settings=\"{&quot;_animation&quot;:&quot;nussFadeInUp&quot;}\" data-widget_type=\"text-editor.default\">\n\t\t\t\t<div class=\"elementor-widget-container\">\n\t\t\t\t\t\t\t\t\t<p>La Tallada d&#8217;Empord\u00e0, situada en el l\u00edmite entre la sierra y la vega, parece tener su origen en el antiguo castillo situado en pleno centro hist\u00f3rico, del que son importantes esclusas de muralla y la mayor parte de las torres de defensa de la compuesto. A su alrededor, el pueblo fue creciendo poco a poco hasta alcanzar su configuraci\u00f3n actual hace unos a\u00f1os.<\/p>\n<p>Ahora los muros y torres han quedado integrados en las casas particulares, que se han adosado a los muros en la parte interior del recinto primitivo. Algunas de las casas tienen puertas adinteladas con inscripciones de los siglos XVII y XVIII, pr\u00e1ctica habitual en muchos pueblos de la comarca.<\/p>\n<p class=\"MsoNormal\">Aparte del recinto amurallado, el edificio m\u00e1s destacable del centro es la iglesia de Santa Mar\u00eda, que en su origen fue la capilla del castillo. Es una iglesia rom\u00e1nica de los siglos XII-XIII (aparece citada en los a\u00f1os 1279 y 1280), de una sola nave y \u00e1bside semicircular. Sobre el \u00e1bside hay una fortificaci\u00f3n m\u00e1s moderna, una torre similar a las que solemos encontrar en muchas iglesias del Empord\u00e0.<\/p>\n<p class=\"MsoNormal\">\n\t\t\t\t\t\t\t\t<\/div>\n\t\t\t\t<\/div>\n\t\t\t\t\t<\/div>\n\t\t<\/div>\n\t\t\t\t<div class=\"elementor-column elementor-col-50 elementor-inner-column elementor-element elementor-element-6f3f021\" data-id=\"6f3f021\" data-element_type=\"column\">\n\t\t\t<div class=\"elementor-widget-wrap elementor-element-populated\">\n\t\t\t\t\t\t<div class=\"elementor-element elementor-element-63d8463 elementor-invisible nuss-elementor-loading nuss-slide-in-left elementor-widget elementor-widget-image\" data-id=\"63d8463\" data-element_type=\"widget\" data-settings=\"{&quot;_animation&quot;:&quot;nussSlideInLeft&quot;}\" data-widget_type=\"image.default\">\n\t\t\t\t<div class=\"elementor-widget-container\">\n\t\t\t\t\t\t\t\t\t\t\t\t\t\t\t<img alt=\"\" fetchpriority=\"high\" decoding=\"async\" width=\"1200\" height=\"1149\" src=\"https:\/\/cancamades.com\/wp-content\/uploads\/2022\/12\/Church-la-Tallada.jpg\" class=\"attachment-full size-full wp-image-9545\" alt=\"\" srcset=\"https:\/\/cancamades.com\/wp-content\/uploads\/2022\/12\/Church-la-Tallada.jpg 1200w, https:\/\/cancamades.com\/wp-content\/uploads\/2022\/12\/Church-la-Tallada-300x287.jpg 300w, https:\/\/cancamades.com\/wp-content\/uploads\/2022\/12\/Church-la-Tallada-1024x980.jpg 1024w, https:\/\/cancamades.com\/wp-content\/uploads\/2022\/12\/Church-la-Tallada-768x735.jpg 768w, https:\/\/cancamades.com\/wp-content\/uploads\/2022\/12\/Church-la-Tallada-600x575.jpg 600w\" sizes=\"(max-width: 1200px) 100vw, 1200px\" \/>\t\t\t\t\t\t\t\t\t\t\t\t\t\t\t<\/div>\n\t\t\t\t<\/div>\n\t\t\t\t\t<\/div>\n\t\t<\/div>\n\t\t\t\t\t<\/div>\n\t\t<\/section>\n\t\t\t\t<section class=\"elementor-section elementor-inner-section elementor-element elementor-element-c127b44 elementor-section-boxed elementor-section-gap-beside-yes elementor-section-height-default elementor-section-height-default elementor-section-column-vertical-align-stretch\" data-id=\"c127b44\" data-element_type=\"section\">\n\t\t\t\t\t\t<div class=\"elementor-container elementor-column-gap-extended\">\n\t\t\t\t\t<div class=\"elementor-column elementor-col-50 elementor-inner-column elementor-element elementor-element-e050279\" data-id=\"e050279\" data-element_type=\"column\">\n\t\t\t<div class=\"elementor-widget-wrap elementor-element-populated\">\n\t\t\t\t\t\t<div class=\"elementor-element elementor-element-e3ece18 elementor-invisible elementor-widget elementor-widget-nuss-heading\" data-id=\"e3ece18\" data-element_type=\"widget\" data-settings=\"{&quot;_animation&quot;:&quot;nussFadeInUp&quot;}\" data-widget_type=\"nuss-heading.default\">\n\t\t\t\t<div class=\"elementor-widget-container\">\n\t\t\t\t\t\t\t<div class=\"nuss-modern-heading\">\r\n\t\t\t\r\n\t\t\t\t\t\t<div class=\"heading-primary-wrap\">\r\n\t\t\t\t<h4 class=\"heading-primary elementor-heading-title\">Cosas para hacer<\/h4>\t\t\t<\/div>\r\n\t\t\r\n\t\t\t\t\t\t<div class=\"heading-divider-wrap\">\r\n\t\t\t\t<div class=\"heading-divider\" style=\"left: 0px;top: 6px\"><\/div>\r\n\t\t\t<\/div>\r\n\t\r\n\t\t\t\t\t<\/div>\r\n\t\t\t\t\t<\/div>\n\t\t\t\t<\/div>\n\t\t\t\t<div class=\"elementor-element elementor-element-818ffa2 elementor-invisible elementor-widget elementor-widget-text-editor\" data-id=\"818ffa2\" data-element_type=\"widget\" data-settings=\"{&quot;_animation&quot;:&quot;nussFadeInUp&quot;}\" data-widget_type=\"text-editor.default\">\n\t\t\t\t<div class=\"elementor-widget-container\">\n\t\t\t\t\t\t\t\t\tVea algunos lugares \u00fatiles para visitar para que su estad\u00eda sea inolvidable:\t\t\t\t\t\t\t\t<\/div>\n\t\t\t\t<\/div>\n\t\t\t\t<div class=\"elementor-element elementor-element-34a13bf elementor-widget elementor-widget-button\" data-id=\"34a13bf\" data-element_type=\"widget\" data-widget_type=\"button.default\">\n\t\t\t\t<div class=\"elementor-widget-container\">\n\t\t\t\t\t\t\t\t\t<div class=\"elementor-button-wrapper\">\n\t\t\t\t\t<a class=\"elementor-button elementor-button-link elementor-size-sm\" href=\"https:\/\/cancamades.com\/beaches\/\">\n\t\t\t\t\t\t<span class=\"elementor-button-content-wrapper\">\n\t\t\t\t\t\t\t\t\t<span class=\"elementor-button-text\">Playas<\/span>\n\t\t\t\t\t<\/span>\n\t\t\t\t\t<\/a>\n\t\t\t\t<\/div>\n\t\t\t\t\t\t\t\t<\/div>\n\t\t\t\t<\/div>\n\t\t\t\t<div class=\"elementor-element elementor-element-a8b526c elementor-widget elementor-widget-button\" data-id=\"a8b526c\" data-element_type=\"widget\" data-widget_type=\"button.default\">\n\t\t\t\t<div class=\"elementor-widget-container\">\n\t\t\t\t\t\t\t\t\t<div class=\"elementor-button-wrapper\">\n\t\t\t\t\t<a class=\"elementor-button elementor-button-link elementor-size-sm\" href=\"https:\/\/cancamades.com\/bars\/\">\n\t\t\t\t\t\t<span class=\"elementor-button-content-wrapper\">\n\t\t\t\t\t\t\t\t\t<span class=\"elementor-button-text\">Sitios para tomar algo<\/span>\n\t\t\t\t\t<\/span>\n\t\t\t\t\t<\/a>\n\t\t\t\t<\/div>\n\t\t\t\t\t\t\t\t<\/div>\n\t\t\t\t<\/div>\n\t\t\t\t<div class=\"elementor-element elementor-element-616b9c6 elementor-widget elementor-widget-button\" data-id=\"616b9c6\" data-element_type=\"widget\" data-widget_type=\"button.default\">\n\t\t\t\t<div class=\"elementor-widget-container\">\n\t\t\t\t\t\t\t\t\t<div class=\"elementor-button-wrapper\">\n\t\t\t\t\t<a class=\"elementor-button elementor-button-link elementor-size-sm\" href=\"https:\/\/cancamades.com\/restaurants\/\">\n\t\t\t\t\t\t<span class=\"elementor-button-content-wrapper\">\n\t\t\t\t\t\t\t\t\t<span class=\"elementor-button-text\">Restaurantes<\/span>\n\t\t\t\t\t<\/span>\n\t\t\t\t\t<\/a>\n\t\t\t\t<\/div>\n\t\t\t\t\t\t\t\t<\/div>\n\t\t\t\t<\/div>\n\t\t\t\t<div class=\"elementor-element elementor-element-1dcec86 elementor-widget elementor-widget-button\" data-id=\"1dcec86\" data-element_type=\"widget\" data-widget_type=\"button.default\">\n\t\t\t\t<div class=\"elementor-widget-container\">\n\t\t\t\t\t\t\t\t\t<div class=\"elementor-button-wrapper\">\n\t\t\t\t\t<a class=\"elementor-button elementor-button-link elementor-size-sm\" href=\"https:\/\/cancamades.com\/supermarkets\/\">\n\t\t\t\t\t\t<span class=\"elementor-button-content-wrapper\">\n\t\t\t\t\t\t\t\t\t<span class=\"elementor-button-text\">Supermercados<\/span>\n\t\t\t\t\t<\/span>\n\t\t\t\t\t<\/a>\n\t\t\t\t<\/div>\n\t\t\t\t\t\t\t\t<\/div>\n\t\t\t\t<\/div>\n\t\t\t\t<div class=\"elementor-element elementor-element-b9a611f elementor-widget elementor-widget-button\" data-id=\"b9a611f\" data-element_type=\"widget\" data-widget_type=\"button.default\">\n\t\t\t\t<div class=\"elementor-widget-container\">\n\t\t\t\t\t\t\t\t\t<div class=\"elementor-button-wrapper\">\n\t\t\t\t\t<a class=\"elementor-button elementor-button-link elementor-size-sm\" href=\"https:\/\/cancamades.com\/markets\/\">\n\t\t\t\t\t\t<span class=\"elementor-button-content-wrapper\">\n\t\t\t\t\t\t\t\t\t<span class=\"elementor-button-text\">Mercados semanales<\/span>\n\t\t\t\t\t<\/span>\n\t\t\t\t\t<\/a>\n\t\t\t\t<\/div>\n\t\t\t\t\t\t\t\t<\/div>\n\t\t\t\t<\/div>\n\t\t\t\t\t<\/div>\n\t\t<\/div>\n\t\t\t\t<div class=\"elementor-column elementor-col-50 elementor-inner-column elementor-element elementor-element-6cab6d3\" data-id=\"6cab6d3\" data-element_type=\"column\">\n\t\t\t<div class=\"elementor-widget-wrap elementor-element-populated\">\n\t\t\t\t\t\t<div class=\"elementor-element elementor-element-dfe4128 bullets-v-align-bottom elementor-invisible nuss-elementor-loading nuss-slide-in-left elementor-widget elementor-widget-nuss-image-carousel\" data-id=\"dfe4128\" data-element_type=\"widget\" data-settings=\"{&quot;_animation&quot;:&quot;nussSlideInLeft&quot;}\" data-widget_type=\"nuss-image-carousel.default\">\n\t\t\t\t<div class=\"elementor-widget-container\">\n\t\t\t\t\t\r\n\t\t<div  class=\"nuss-swiper nuss-slider-widget pagination-style-01 bullets-horizontal bullets-h-align-center bullets-v-align-bottom\" data-lg-items=\"1\" data-lg-gutter=\"30\" data-pagination-aligned-by=\"slider\" data-pagination=\"1\" data-loop=\"1\" data-simulate-touch=\"1\" data-speed=\"1000\" data-effect=\"slide\">\r\n\t\t\t<div class=\"swiper-inner\">\r\n\r\n\t\t\t\t\r\n\t\t\t\t<div class=\"swiper-container swiper\">\r\n\t\t\t\t\t<div class=\"swiper-wrapper\">\r\n\t\t\t\t\t\t\t\t\t<div class=\"swiper-slide\">\r\n\t\t\t\t<div class=\"image\">\r\n\t\t\t\t\t<img decoding=\"async\"  src=\"https:\/\/cancamades.com\/wp-content\/uploads\/2022\/12\/826574e8-5928-4ac3-a139-9cc5e31fbd41.jpg\" alt=\"Serene beach scene with clear blue sky, calm ocean water, sandy shoreline, and green trees, showcasing the natural beauty of Can Camades coastal area. Perfect for relaxing or exploring nature.\" \/>\t\t\t\t<\/div>\r\n\t\t\t<\/div>\r\n\t\t\t\t\t\t<div class=\"swiper-slide\">\r\n\t\t\t\t<div class=\"image\">\r\n\t\t\t\t\t<img decoding=\"async\"  src=\"https:\/\/cancamades.com\/wp-content\/uploads\/2022\/12\/Mercat-Verges.jpg\" alt=\"Colorful flower market stand with potted plants and vibrant blooms set against historic stone buildings in a European town.\" \/>\t\t\t\t<\/div>\r\n\t\t\t<\/div>\r\n\t\t\t\t\t\t<div class=\"swiper-slide\">\r\n\t\t\t\t<div class=\"image\">\r\n\t\t\t\t\t<img decoding=\"async\"  src=\"https:\/\/cancamades.com\/wp-content\/uploads\/2022\/12\/l-escola-La-pera.jpg\" alt=\"Old stone building with outdoor cafe seating, umbrellas, and pedestrians in a historic European town square.\" \/>\t\t\t\t<\/div>\r\n\t\t\t<\/div>\r\n\t\t\t\t\t\t\t\t<\/div>\r\n\t\t\t\t<\/div>\r\n\r\n\t\t\t\t\r\n\t\t\t<\/div>\r\n\t\t<\/div>\r\n\t\t\t\t\t\t<\/div>\n\t\t\t\t<\/div>\n\t\t\t\t\t<\/div>\n\t\t<\/div>\n\t\t\t\t\t<\/div>\n\t\t<\/section>\n\t\t\t\t\t<\/div>\n\t\t<\/div>\n\t\t\t\t\t<\/div>\n\t\t<\/section>\n\t\t\t\t<\/div>\n\t\t","protected":false},"excerpt":{"rendered":"<p>El Pueblo La Tallada d&#8217;Empord\u00e0, situada en el l\u00edmite entre la sierra y la vega, parece tener su origen en el antiguo castillo situado en pleno centro hist\u00f3rico, del que son importantes esclusas de muralla y la mayor parte de las torres de defensa de la compuesto. A su alrededor, el pueblo fue creciendo poco [&hellip;]<\/p>\n","protected":false},"author":1,"featured_media":0,"parent":0,"menu_order":0,"comment_status":"closed","ping_status":"closed","template":"elementor_header_footer","meta":{"_acf_changed":false,"_seopress_robots_primary_cat":"","_seopress_titles_title":"","_seopress_titles_desc":"","_seopress_robots_index":"","footnotes":""},"class_list":["post-7229","page","type-page","status-publish","hentry","post-no-thumbnail"],"acf":[],"_links":{"self":[{"href":"https:\/\/cancamades.com\/es\/wp-json\/wp\/v2\/pages\/7229","targetHints":{"allow":["GET"]}}],"collection":[{"href":"https:\/\/cancamades.com\/es\/wp-json\/wp\/v2\/pages"}],"about":[{"href":"https:\/\/cancamades.com\/es\/wp-json\/wp\/v2\/types\/page"}],"author":[{"embeddable":true,"href":"https:\/\/cancamades.com\/es\/wp-json\/wp\/v2\/users\/1"}],"replies":[{"embeddable":true,"href":"https:\/\/cancamades.com\/es\/wp-json\/wp\/v2\/comments?post=7229"}],"version-history":[{"count":5,"href":"https:\/\/cancamades.com\/es\/wp-json\/wp\/v2\/pages\/7229\/revisions"}],"predecessor-version":[{"id":10513,"href":"https:\/\/cancamades.com\/es\/wp-json\/wp\/v2\/pages\/7229\/revisions\/10513"}],"wp:attachment":[{"href":"https:\/\/cancamades.com\/es\/wp-json\/wp\/v2\/media?parent=7229"}],"curies":[{"name":"wp","href":"https:\/\/api.w.org\/{rel}","templated":true}]}}