{"id":8626,"date":"2022-10-24T21:45:42","date_gmt":"2022-10-24T21:45:42","guid":{"rendered":"https:\/\/cancamades.com\/schutz-personenbezogener-daten\/"},"modified":"2023-04-12T15:52:29","modified_gmt":"2023-04-12T15:52:29","slug":"schutz-personenbezogener-daten","status":"publish","type":"page","link":"https:\/\/cancamades.com\/de\/schutz-personenbezogener-daten\/","title":{"rendered":"Widerrufs- und Datenschutzbestimmungen"},"content":{"rendered":"\t\t<div data-elementor-type=\"wp-page\" data-elementor-id=\"8626\" class=\"elementor elementor-8626 elementor-3\">\n\t\t\t\t\t\t<section class=\"elementor-section elementor-top-section elementor-element elementor-element-37558984 elementor-section-boxed elementor-section-gap-beside-yes elementor-section-height-default elementor-section-height-default elementor-section-column-vertical-align-stretch\" data-id=\"37558984\" data-element_type=\"section\">\n\t\t\t\t\t\t<div class=\"elementor-container elementor-column-gap-extended\">\n\t\t\t\t\t<div class=\"elementor-column elementor-col-100 elementor-top-column elementor-element elementor-element-1e447594\" data-id=\"1e447594\" data-element_type=\"column\">\n\t\t\t<div class=\"elementor-widget-wrap elementor-element-populated\">\n\t\t\t\t\t\t<div class=\"elementor-element elementor-element-5f84a9c3 elementor-widget elementor-widget-text-editor\" data-id=\"5f84a9c3\" data-element_type=\"widget\" data-widget_type=\"text-editor.default\">\n\t\t\t\t<div class=\"elementor-widget-container\">\n\t\t\t\t\t\t\t\t\t<h2><strong><em>Stornierungsbedingungen<\/em><\/strong><\/h2>\r\nVolle R\u00fcckerstattung f\u00fcr Stornierungen bis zu 30 Tage vor Anreise. Wenn Sie weniger als 30 Tage vor Anreise buchen, erhalten Sie eine volle R\u00fcckerstattung, sofern Sie innerhalb von 48 Stunden nach der Buchung und mindestens 14 Tage vor Beginn Ihres Aufenthalts stornieren. Nach diesem Zeitraum erhalten Sie eine R\u00fcckerstattung von 50 %, wenn Sie bis zu 7 Tage vor Anreise stornieren. Wenn Sie stornieren, wenn weniger Zeit \u00fcbrig ist, erhalten Sie keine R\u00fcckerstattung.\r\n<h2><em>Schutz personenbezogener Daten<\/em><\/h2>\r\nAufgrund der Bestimmungen zum Schutz personenbezogener Daten informieren wir Sie dar\u00fcber, dass Ihre personenbezogenen Daten, die in dieser Mitteilung enthalten sein k\u00f6nnen, in einer Datei namens \u201eKontakte\u201c enthalten sind, die von der Firma CAN CAMADES, SL, CIF B-72749542, verwaltet wird. Der Zweck dieser Datei besteht darin, die Gesch\u00e4ftsbeziehung zu verwalten und Sie \u00fcber unsere Dienstleistungen zu informieren. Diese Daten werden nicht an Dritte weitergegeben.\r\n\r\nUm auf einige der Dienste zugreifen zu k\u00f6nnen, die CAN CAMADES SL \u00fcber die Website anbietet, m\u00fcssen Sie au\u00dferdem einige personenbezogene Daten angeben. In \u00dcbereinstimmung mit den Bestimmungen von LO 15\/1999 vom 13. Dezember zum Schutz personenbezogener Daten informieren wir Sie, dass Ihre personenbezogenen Daten durch Ausf\u00fcllen des Formulars in die Dateien von CAN CAMADES SL aufgenommen und verarbeitet werden, um um Ihnen unsere Dienste leihen und anbieten zu k\u00f6nnen, sowie um Sie \u00fcber Verbesserungen der Website zu informieren.\r\n\r\nWenn Sie Ihre Rechte auf Auskunft, Berichtigung oder L\u00f6schung, Einschr\u00e4nkung der Behandlung oder Widerspruch sowie das Recht auf Daten\u00fcbertragbarkeit aus\u00fcben m\u00f6chten, k\u00f6nnen Sie sich an die Pla\u00e7a del Castell, 9 17134 La Tallada d&#8217;Empord\u00e0 wenden oder eine E-Mail an senden\r\n<h2><em>Gewerbliches und geistiges Eigentum<\/em><\/h2>\r\nDiese Website ist Eigentum von CAN CAMADES, SL. Geistige Eigentumsrechte und Verwertungs- und Vervielf\u00e4ltigungsrechte dieser Website, ihrer Seiten, Bildschirme, der darin enthaltenen Informationen, ihres Aussehens und Designs sowie der von ihr ausgehenden Links (&#8220;Hyperlinks&#8221;) zu anderen Webseiten einer Tochtergesellschaft und\/oder kontrollierte Unternehmen von CAN CAMADES, SL, sind deren ausschlie\u00dfliches Eigentum, sofern nicht ausdr\u00fccklich anders angegeben.\r\n\r\nAlle Namen, Designs und\/oder Logos sowie alle Produkte oder Dienstleistungen, die auf dieser Website angeboten und wiedergegeben werden, sind Marken, die von CAN CAMADES, SL, ihren Tochtergesellschaften und\/oder kontrollierten Unternehmen oder von Dritten ordnungsgem\u00e4\u00df registriert wurden.\r\n\r\nJede missbr\u00e4uchliche Verwendung derselben durch andere Personen als ihren rechtm\u00e4\u00dfigen Eigent\u00fcmer und ohne dessen ausdr\u00fcckliche und eindeutige Zustimmung kann mit allen im spanischen und\/oder gemeinschaftlichen Rechtssystem verf\u00fcgbaren Rechtsmitteln gemeldet und verfolgt werden.\r\n\r\nDie Rechte an geistigem Eigentum und Marken Dritter werden in geeigneter Weise hervorgehoben und m\u00fcssen von jedem respektiert werden, der auf diese Seite zugreift, sie liegen nicht in der Verantwortung von CAN CAMADES, SL, die Nutzung, die der Benutzer in dieser Hinsicht durchf\u00fchren kann, tr\u00e4gt die ausschlie\u00dfliche Verantwortung in seiner Person.\r\n\r\nAusschlie\u00dflich f\u00fcr den pers\u00f6nlichen und privaten Gebrauch ist es gestattet, die Inhalte herunterzuladen, zu kopieren oder Seiten dieser Website auszudrucken. Es ist verboten, die Informationen, Inhalte oder Warnungen dieser Website ohne die vorherige schriftliche Genehmigung von CAN CAMADES, SL zu reproduzieren, zu \u00fcbertragen, zu \u00e4ndern oder zu l\u00f6schen.\r\n\r\nCAN CAMADES, SL \u00fcbertr\u00e4gt das Eigentum an der Software nicht auf die Benutzer. Der Benutzer ist Eigent\u00fcmer des Mediums, auf dem die Software gespeichert ist. CAN CAMADES, SL besitzt alle gewerblichen und geistigen Eigentumsrechte, einschlie\u00dflich der Software. Wenn der Benutzer die Software von dieser Website auf sein Endger\u00e4t \u00fcbertr\u00e4gt, ist er nicht in der Lage, die urspr\u00fcngliche Objektcodeversion oder -sprache f\u00fcr sein Studium zu zerlegen und zu dekompilieren, in einen anderen Code oder eine andere Sprache zu \u00fcbersetzen.\r\n<h2><em>Anwendbares Recht und Gerichtsstand<\/em><\/h2>\r\nDie vorliegenden Allgemeinen Gesch\u00e4ftsbedingungen unterliegen der spanischen Gesetzgebung, die spanischen Gerichte und Gerichtsh\u00f6fe sind daf\u00fcr zust\u00e4ndig, zu wissen, wie viele Fragen sich bez\u00fcglich der Auslegung, Anwendung und Einhaltung derselben ergeben. Der BENUTZER verzichtet aufgrund seiner Annahme der in diesem rechtlichen Hinweis enthaltenen allgemeinen Bedingungen ausdr\u00fccklich auf jede Zust\u00e4ndigkeit, die ihm nach geltendem Zivilprozessrecht zustehen k\u00f6nnte.\r\n<h2>Cookies<\/h2>\r\nWenn Sie einen Kommentar auf unserer Website hinterlassen, k\u00f6nnen Sie sich daf\u00fcr entscheiden, Ihren Namen, Ihre E-Mail-Adresse und Ihre Website in Cookies zu speichern. Diese dienen Ihrer Bequemlichkeit, damit Sie Ihre Daten nicht erneut eingeben m\u00fcssen, wenn Sie einen weiteren Kommentar hinterlassen. Diese Cookies halten ein Jahr lang.\r\n\r\nWenn Sie unsere Anmeldeseite besuchen, setzen wir ein tempor\u00e4res Cookie, um festzustellen, ob Ihr Browser Cookies akzeptiert. Dieses Cookie enth\u00e4lt keine personenbezogenen Daten und wird verworfen, wenn Sie Ihren Browser schlie\u00dfen.\r\n\r\nWenn Sie sich anmelden, werden wir auch mehrere Cookies einrichten, um Ihre Anmeldeinformationen und Ihre Bildschirmanzeigeoptionen zu speichern. Anmelde-Cookies dauern zwei Tage und Cookies f\u00fcr Bildschirmoptionen ein Jahr. Wenn Sie \u201eRemember Me\u201c ausw\u00e4hlen, bleibt Ihr Login f\u00fcr zwei Wochen bestehen. Wenn Sie sich von Ihrem Konto abmelden, werden die Anmelde-Cookies entfernt.\r\n\r\nWenn Sie einen Artikel bearbeiten oder ver\u00f6ffentlichen, wird ein zus\u00e4tzlicher Cookie in Ihrem Browser gespeichert. Dieses Cookie enth\u00e4lt keine personenbezogenen Daten und zeigt lediglich die Beitrags-ID des Artikels an, den Sie gerade bearbeitet haben. Es verf\u00e4llt nach 1 Tag.\t\t\t\t\t\t\t\t<\/div>\n\t\t\t\t<\/div>\n\t\t\t\t\t<\/div>\n\t\t<\/div>\n\t\t\t\t\t<\/div>\n\t\t<\/section>\n\t\t\t\t<\/div>\n\t\t","protected":false},"excerpt":{"rendered":"<p>Stornierungsbedingungen Volle R\u00fcckerstattung f\u00fcr Stornierungen bis zu 30 Tage vor Anreise. Wenn Sie weniger als 30 Tage vor Anreise buchen, erhalten Sie eine volle R\u00fcckerstattung, sofern Sie innerhalb von 48 Stunden nach der Buchung und mindestens 14 Tage vor Beginn Ihres Aufenthalts stornieren. Nach diesem Zeitraum erhalten Sie eine R\u00fcckerstattung von 50 %, wenn Sie [&hellip;]<\/p>\n","protected":false},"author":1,"featured_media":0,"parent":0,"menu_order":0,"comment_status":"closed","ping_status":"open","template":"","meta":{"_acf_changed":false,"_seopress_robots_primary_cat":"0","_seopress_titles_title":"","_seopress_titles_desc":"","_seopress_robots_index":"","footnotes":""},"class_list":["post-8626","page","type-page","status-publish","hentry","post-no-thumbnail"],"acf":[],"_links":{"self":[{"href":"https:\/\/cancamades.com\/de\/wp-json\/wp\/v2\/pages\/8626","targetHints":{"allow":["GET"]}}],"collection":[{"href":"https:\/\/cancamades.com\/de\/wp-json\/wp\/v2\/pages"}],"about":[{"href":"https:\/\/cancamades.com\/de\/wp-json\/wp\/v2\/types\/page"}],"author":[{"embeddable":true,"href":"https:\/\/cancamades.com\/de\/wp-json\/wp\/v2\/users\/1"}],"replies":[{"embeddable":true,"href":"https:\/\/cancamades.com\/de\/wp-json\/wp\/v2\/comments?post=8626"}],"version-history":[{"count":11,"href":"https:\/\/cancamades.com\/de\/wp-json\/wp\/v2\/pages\/8626\/revisions"}],"predecessor-version":[{"id":10090,"href":"https:\/\/cancamades.com\/de\/wp-json\/wp\/v2\/pages\/8626\/revisions\/10090"}],"wp:attachment":[{"href":"https:\/\/cancamades.com\/de\/wp-json\/wp\/v2\/media?parent=8626"}],"curies":[{"name":"wp","href":"https:\/\/api.w.org\/{rel}","templated":true}]}}